{"id":5057,"date":"2020-08-31T06:06:29","date_gmt":"2020-08-31T06:06:29","guid":{"rendered":"https:\/\/miastoinspiracji.lublin.eu\/?page_id=5057"},"modified":"2020-09-04T08:13:28","modified_gmt":"2020-09-04T08:13:28","slug":"klauzula-informacyjna","status":"publish","type":"page","link":"https:\/\/miastoinspiracji.lublin.eu\/en\/klauzula-informacyjna\/","title":{"rendered":"Informatoive clause"},"content":{"rendered":"<div data-elementor-type=\"wp-page\" data-elementor-id=\"5057\" class=\"elementor elementor-5057\" data-elementor-settings=\"{&quot;ha_cmc_init_switcher&quot;:&quot;no&quot;}\" data-elementor-post-type=\"page\">\n\t\t\t\t\t\t<section class=\"elementor-section elementor-top-section elementor-element elementor-element-757c691 elementor-section-full_width elementor-section-height-default elementor-section-height-default\" data-id=\"757c691\" data-element_type=\"section\" data-settings=\"{&quot;_ha_eqh_enable&quot;:false}\">\n\t\t\t\t\t\t<div class=\"elementor-container elementor-column-gap-default\">\n\t\t\t\t\t<div class=\"elementor-column elementor-col-100 elementor-top-column elementor-element elementor-element-200297a3\" data-id=\"200297a3\" data-element_type=\"column\" data-settings=\"{&quot;background_background&quot;:&quot;classic&quot;}\">\n\t\t\t<div class=\"elementor-widget-wrap elementor-element-populated\">\n\t\t\t\t\t<div class=\"elementor-background-overlay\"><\/div>\n\t\t\t\t\t\t<div class=\"elementor-element elementor-element-3a4f6bab elementor-widget elementor-widget-heading\" data-id=\"3a4f6bab\" data-element_type=\"widget\" data-widget_type=\"heading.default\">\n\t\t\t\t<div class=\"elementor-widget-container\">\n\t\t\t\t\t<h1 class=\"elementor-heading-title elementor-size-xxl\">Informatoive clause<\/h1>\t\t\t\t<\/div>\n\t\t\t\t<\/div>\n\t\t\t\t\t<\/div>\n\t\t<\/div>\n\t\t\t\t\t<\/div>\n\t\t<\/section>\n\t\t\t\t<section class=\"elementor-section elementor-top-section elementor-element elementor-element-55c65eda elementor-section-content-middle elementor-reverse-mobile elementor-section-boxed elementor-section-height-default elementor-section-height-default\" data-id=\"55c65eda\" data-element_type=\"section\" data-settings=\"{&quot;background_background&quot;:&quot;classic&quot;,&quot;_ha_eqh_enable&quot;:false}\">\n\t\t\t\t\t\t<div class=\"elementor-container elementor-column-gap-default\">\n\t\t\t\t\t<div class=\"elementor-column elementor-col-50 elementor-top-column elementor-element elementor-element-569cad53\" data-id=\"569cad53\" data-element_type=\"column\">\n\t\t\t<div class=\"elementor-widget-wrap elementor-element-populated\">\n\t\t\t\t\t\t<div class=\"elementor-element elementor-element-3af4e4d5 elementor-widget elementor-widget-heading\" data-id=\"3af4e4d5\" data-element_type=\"widget\" data-widget_type=\"heading.default\">\n\t\t\t\t<div class=\"elementor-widget-container\">\n\t\t\t\t\t<h2 class=\"elementor-heading-title elementor-size-default\">Og\u00f3lna klauzula informacyjna dotycz\u0105ca przetwarzania danych osobowych<\/h2>\t\t\t\t<\/div>\n\t\t\t\t<\/div>\n\t\t\t\t\t<\/div>\n\t\t<\/div>\n\t\t\t\t<div class=\"elementor-column elementor-col-50 elementor-top-column elementor-element elementor-element-3ad776d4\" data-id=\"3ad776d4\" data-element_type=\"column\">\n\t\t\t<div class=\"elementor-widget-wrap elementor-element-populated\">\n\t\t\t\t\t\t<div class=\"elementor-element elementor-element-71659c6 d2c-back elementor-absolute elementor-widget elementor-widget-global elementor-global-1591 elementor-widget-heading\" data-id=\"71659c6\" data-element_type=\"widget\" data-settings=\"{&quot;_position&quot;:&quot;absolute&quot;}\" data-widget_type=\"heading.default\">\n\t\t\t\t<div class=\"elementor-widget-container\">\n\t\t\t\t\t<h5 class=\"elementor-heading-title elementor-size-default\"><a href=\"#\">go back<\/a><\/h5>\t\t\t\t<\/div>\n\t\t\t\t<\/div>\n\t\t\t\t\t<\/div>\n\t\t<\/div>\n\t\t\t\t\t<\/div>\n\t\t<\/section>\n\t\t\t\t<section class=\"elementor-section elementor-top-section elementor-element elementor-element-5a6883 elementor-section-boxed elementor-section-height-default elementor-section-height-default\" data-id=\"5a6883\" data-element_type=\"section\" data-settings=\"{&quot;_ha_eqh_enable&quot;:false}\">\n\t\t\t\t\t\t<div class=\"elementor-container elementor-column-gap-default\">\n\t\t\t\t\t<div class=\"elementor-column elementor-col-100 elementor-top-column elementor-element elementor-element-64485b60\" data-id=\"64485b60\" data-element_type=\"column\">\n\t\t\t<div class=\"elementor-widget-wrap elementor-element-populated\">\n\t\t\t\t\t\t<div class=\"elementor-element elementor-element-ec6c688 elementor-widget elementor-widget-text-editor\" data-id=\"ec6c688\" data-element_type=\"widget\" data-widget_type=\"text-editor.default\">\n\t\t\t\t<div class=\"elementor-widget-container\">\n\t\t\t\t\t\t\t\t\t<p>Na podstawie art. 13 ust. 1 i ust. 2 Rozporz\u0105dzenia Parlamentu Europejskiego i Rady (UE) 2016\/679 z 27 kwietnia 2016 r. w sprawie ochrony os\u00f3b fizycznych w zwi\u0105zku z przetwarzaniem danych osobowych i w sprawie swobodnego przep\u0142ywu takich danych oraz uchylenia dyrektywy 95\/46\/WE (og\u00f3lne rozporz\u0105dzenie o ochronie danych osobowych) (Dz.Urz.UE.L. z 2016r. Nr 119, stron.1) (dalej jako: \u201eRODO\u201d), informujemy Pani\u0105\/Pana o sposobie i celu, w jakim przetwarzamy Pani\/Pana dane osobowe, a tak\u017ce o przys\u0142uguj\u0105cych Pani\/Panu prawach, wynikaj\u0105cych z regulacji o ochronie danych osobowych:<\/p><ol><li>Administratorem Pani\/Pana danych osobowych jest Prezydent Miasta Lublin; dane adresowe: plac Kr\u00f3la W\u0142adys\u0142awa \u0141okietka 1, 20\u2013109 Lublin.<\/li><li>W Urz\u0119dzie Miasta Lublin wyznaczyli\u015bmy Inspektora Ochrony Danych, z kt\u00f3rym mo\u017ce si\u0119 Pani\/Pan si\u0119 kontaktowa\u0107 we wszystkich sprawach dotycz\u0105cych przetwarzania Pani\/Pana danych osobowych oraz korzystania z przys\u0142uguj\u0105cych Pani\/Panu praw zwi\u0105zanych z przetwarzaniem danych. Z Inspektorem Ochrony Danych mo\u017cna si\u0119 kontaktowa\u0107 poprzez:<ul><li>email: <a href=\"mailto:iod@lublin.eu\">iod@lublin.eu<\/a>;<\/li><li>lub pisemnie na adres Administratora danych: plac Kr\u00f3la W\u0142adys\u0142awa \u0141okietka 1, 20\u2013109 Lublin.<\/li><\/ul><\/li><li>Pani\/Pana dane osobowe przetwarzane s\u0105 w celu\/celach:<ul><li>wype\u0142nienia obowi\u0105zku prawnego ci\u0105\u017c\u0105cego na Administratorze (art. 6 ust. 1 lit. c) RODO),<\/li><li>wykonania zadania realizowanego w interesie publicznym lub w ramach w\u0142adzy publicznej powierzonej administratorowi (art. 6 ust. 1 lit. e RODO),<\/li><li>realizacji zawartych um\u00f3w (art. 6 ust. 1 lit. b) RODO,<\/li><li>w pozosta\u0142ych przypadkach Pani\/Pana dane osobowe przetwarzane\u00a0s\u0105 wy\u0142\u0105cznie na podstawie udzielonej zgody w zakresie i celu okre\u015blonym w tre\u015bci zgody (art. 6 ust. 1 lit. a) RODO).<\/li><\/ul><\/li><li>Podstaw\u0105 prawn\u0105 przetwarzania Pani\/Pana danych osobowych s\u0105 obowi\u0105zuj\u0105ce przepisy prawa, zawarte umowy lub udzielona przez Pani\u0105\/ Pana zgoda.<\/li><li>Z\u00a0danych osobowych b\u0119dziemy korzysta\u0107 do momentu zako\u0144czenia realizacji cel\u00f3w okre\u015blonych w pkt 3, a po tym czasie przez okres oraz w zakresie wymaganym przez przepisy powszechnie obowi\u0105zuj\u0105cego prawa.<\/li><li>Pani\/Pana dane mog\u0105 zosta\u0107 przekazane:<ul><li>organom w\u0142adzy publicznej oraz podmiotom wykonuj\u0105cym zadania publiczne lub dzia\u0142aj\u0105cych na zlecenie organ\u00f3w w\u0142adzy publicznej, w zakresie i w celach, kt\u00f3re wynikaj\u0105 z przepis\u00f3w powszechnie obowi\u0105zuj\u0105cego prawa;<\/li><li>innym podmiotom, kt\u00f3re na podstawie stosownych um\u00f3w podpisanych\u00a0z Gmin\u0105 Lublin przetwarzaj\u0105 dane osobowe dla kt\u00f3rych Administratorem jest Prezydent Miasta Lublin.<\/li><\/ul><\/li><li>Pani\/Pana dane mog\u0105 by\u0107 przetwarzane w spos\u00f3b zautomatyzowany i nie b\u0119d\u0105 podlega\u0107 profilowaniu.<\/li><li>Pan\/Pana dane nie trafi\u0105 poza Europejski Obszar Gospodarczy (obejmuj\u0105cy Uni\u0119 Europejsk\u0105, Norwegi\u0119, Liechtenstein i Islandi\u0119).<\/li><li>W zwi\u0105zku z przetwarzaniem Pani\/Pana danych osobowych, przys\u0142uguj\u0105 Pani\/Panu nast\u0119puj\u0105ce prawa:<ul><li>prawo do \u017c\u0105dania od Administratora dost\u0119pu do danych osobowych oraz otrzymania ich kopii;<\/li><li>prawo \u017c\u0105dania sprostowania (poprawiania) danych osobowych w przypadkach, kt\u00f3rych mowa w art. 16 RODO;<\/li><li>prawo \u017c\u0105dania usuni\u0119cia danych osobowych w przypadkach okre\u015blonych w\u00a0art.\u00a017\u00a0RODO;<\/li><li>prawo \u017c\u0105dania ograniczenia przetwarzania danych osobowych w przypadkach okre\u015blonych w art. 18 RODO;<\/li><li>prawo wniesienia sprzeciwu wobec przetwarzania Pa\u0144stwa danych osobowych w\u00a0przypadkach okre\u015blonych w art. 21 RODO;<\/li><li>prawo do przenoszenia Pa\u0144stwa danych osobowych w przypadkach okre\u015blonych w\u00a0art. 20 RODO;<\/li><li>prawo wniesienia skargi do Prezesa Urz\u0119du Ochrony Danych Osobowych, w\u00a0sytuacji, gdy uznaj\u0105 Pa\u0144stwo, \u017ce przetwarzanie danych osobowych narusza przepisy og\u00f3lnego rozporz\u0105dzenia o ochronie danych osobowych (RODO).<\/li><\/ul><\/li><li>W przypadku gdy przetwarzanie danych osobowych odbywa si\u0119 na podstawie zgody osoby na przetwarzanie danych osobowych (art. 6 ust. 1 lit a RODO), przys\u0142uguje Pani\/Panu prawo do cofni\u0119cia tej zgody w dowolnym momencie. Cofni\u0119cie to nie ma wp\u0142ywu na zgodno\u015b\u0107 przetwarzania, kt\u00f3rego dokonano na podstawie zgody przed jej cofni\u0119ciem, z obowi\u0105zuj\u0105cym prawem.<\/li><li>W sytuacji, gdy przetwarzanie danych osobowych odbywa si\u0119 na podstawie zgody osoby, kt\u00f3rej dane dotycz\u0105, podanie przez Pani\u0105\/Pana danych osobowych Administratorowi ma charakter dobrowolny.<\/li><li>Podanie przez Pani\u0105\/Pana danych osobowych jest obowi\u0105zkowe, w sytuacji gdy przes\u0142ank\u0119 przetwarzania danych osobowych stanowi przepis prawa.<\/li><\/ol>\t\t\t\t\t\t\t\t<\/div>\n\t\t\t\t<\/div>\n\t\t\t\t\t<\/div>\n\t\t<\/div>\n\t\t\t\t\t<\/div>\n\t\t<\/section>\n\t\t\t\t<section class=\"elementor-section elementor-top-section elementor-element elementor-element-5999b47e elementor-section-boxed elementor-section-height-default elementor-section-height-default\" data-id=\"5999b47e\" data-element_type=\"section\" data-settings=\"{&quot;_ha_eqh_enable&quot;:false}\">\n\t\t\t\t\t\t<div class=\"elementor-container elementor-column-gap-default\">\n\t\t\t\t\t<div class=\"elementor-column elementor-col-100 elementor-top-column elementor-element elementor-element-7d84929f\" data-id=\"7d84929f\" data-element_type=\"column\">\n\t\t\t<div class=\"elementor-widget-wrap elementor-element-populated\">\n\t\t\t\t\t\t<div data-ha-element-link=\"{&quot;url&quot;:&quot;#&quot;,&quot;is_external&quot;:&quot;&quot;,&quot;nofollow&quot;:&quot;&quot;}\" style=\"cursor: pointer\" class=\"elementor-element elementor-element-1d36e8e9 d2c-up elementor-widget elementor-widget-global elementor-global-1588 elementor-widget-heading\" data-id=\"1d36e8e9\" data-element_type=\"widget\" data-widget_type=\"heading.default\">\n\t\t\t\t<div class=\"elementor-widget-container\">\n\t\t\t\t\t<h5 class=\"elementor-heading-title elementor-size-default\"><a href=\"#\">go up<\/a><\/h5>\t\t\t\t<\/div>\n\t\t\t\t<\/div>\n\t\t\t\t\t<\/div>\n\t\t<\/div>\n\t\t\t\t\t<\/div>\n\t\t<\/section>\n\t\t\t\t<\/div>","protected":false},"excerpt":{"rendered":"<p>Og\u00f3lna klauzula informacyjna dotycz\u0105ca przetwarzania danych osobowych wr\u00f3\u0107 Na podstawie art. 13 ust. 1 i ust. 2 Rozporz\u0105dzenia Parlamentu Europejskiego i Rady (UE) 2016\/679 z 27 kwietnia 2016 r. w sprawie ochrony os\u00f3b fizycznych w zwi\u0105zku z przetwarzaniem danych osobowych i w sprawie swobodnego przep\u0142ywu takich danych oraz uchylenia dyrektywy 95\/46\/WE (og\u00f3lne rozporz\u0105dzenie o ochronie [&hellip;]<\/p>","protected":false},"author":4,"featured_media":770,"parent":0,"menu_order":0,"comment_status":"closed","ping_status":"closed","template":"elementor_header_footer","meta":{"_acf_changed":false,"footnotes":""},"categories":[],"class_list":["post-5057","page","type-page","status-publish","has-post-thumbnail","hentry"],"acf":[],"yoast_head":"<!-- This site is optimized with the Yoast SEO plugin v26.5 - https:\/\/yoast.com\/wordpress\/plugins\/seo\/ -->\n<title>Klauzula informacyjna - Miasto Inspiracji<\/title>\n<meta name=\"description\" content=\"Lublin to prawdziwe Miasto Inspiracji. Poznaj Miejsca Inspiracji i sprawd\u017a, gdzie Przewodnicy Inspiracji poprowadz\u0105 ci\u0119, gdy trwa Sezon Lublin!\" \/>\n<meta name=\"robots\" content=\"index, follow, max-snippet:-1, max-image-preview:large, max-video-preview:-1\" \/>\n<link rel=\"canonical\" href=\"https:\/\/miastoinspiracji.lublin.eu\/en\/klauzula-informacyjna\/\" \/>\n<meta property=\"og:locale\" content=\"en_GB\" \/>\n<meta property=\"og:type\" content=\"article\" \/>\n<meta property=\"og:title\" content=\"Klauzula informacyjna - Miasto Inspiracji\" \/>\n<meta property=\"og:description\" content=\"Lublin to prawdziwe Miasto Inspiracji. Poznaj Miejsca Inspiracji i sprawd\u017a, gdzie Przewodnicy Inspiracji poprowadz\u0105 ci\u0119, gdy trwa Sezon Lublin!\" \/>\n<meta property=\"og:url\" content=\"https:\/\/miastoinspiracji.lublin.eu\/en\/klauzula-informacyjna\/\" \/>\n<meta property=\"og:site_name\" content=\"Miasto Inspiracji\" \/>\n<meta property=\"article:publisher\" content=\"https:\/\/www.facebook.com\/turystycznylublin\" \/>\n<meta property=\"article:modified_time\" content=\"2020-09-04T08:13:28+00:00\" \/>\n<meta property=\"og:image\" content=\"https:\/\/miastoinspiracji.lublin.eu\/wp-content\/uploads\/2020\/08\/12-1024x576.png\" \/>\n\t<meta property=\"og:image:width\" content=\"1024\" \/>\n\t<meta property=\"og:image:height\" content=\"576\" \/>\n\t<meta property=\"og:image:type\" content=\"image\/png\" \/>\n<meta name=\"twitter:card\" content=\"summary_large_image\" \/>\n<meta name=\"twitter:site\" content=\"@miasto_lublin\" \/>\n<meta name=\"twitter:label1\" content=\"Estimated reading time\" \/>\n\t<meta name=\"twitter:data1\" content=\"3 minutes\" \/>\n<script type=\"application\/ld+json\" class=\"yoast-schema-graph\">{\"@context\":\"https:\/\/schema.org\",\"@graph\":[{\"@type\":\"WebPage\",\"@id\":\"https:\/\/miastoinspiracji.lublin.eu\/en\/klauzula-informacyjna\/\",\"url\":\"https:\/\/miastoinspiracji.lublin.eu\/en\/klauzula-informacyjna\/\",\"name\":\"Klauzula informacyjna - Miasto Inspiracji\",\"isPartOf\":{\"@id\":\"https:\/\/miastoinspiracji.lublin.eu\/en\/#website\"},\"primaryImageOfPage\":{\"@id\":\"https:\/\/miastoinspiracji.lublin.eu\/en\/klauzula-informacyjna\/#primaryimage\"},\"image\":{\"@id\":\"https:\/\/miastoinspiracji.lublin.eu\/en\/klauzula-informacyjna\/#primaryimage\"},\"thumbnailUrl\":\"https:\/\/miastoinspiracji.lublin.eu\/wp-content\/uploads\/2020\/08\/12.png\",\"datePublished\":\"2020-08-31T06:06:29+00:00\",\"dateModified\":\"2020-09-04T08:13:28+00:00\",\"description\":\"Lublin to prawdziwe Miasto Inspiracji. Poznaj Miejsca Inspiracji i sprawd\u017a, gdzie Przewodnicy Inspiracji poprowadz\u0105 ci\u0119, gdy trwa Sezon Lublin!\",\"breadcrumb\":{\"@id\":\"https:\/\/miastoinspiracji.lublin.eu\/en\/klauzula-informacyjna\/#breadcrumb\"},\"inLanguage\":\"en-GB\",\"potentialAction\":[{\"@type\":\"ReadAction\",\"target\":[\"https:\/\/miastoinspiracji.lublin.eu\/en\/klauzula-informacyjna\/\"]}]},{\"@type\":\"ImageObject\",\"inLanguage\":\"en-GB\",\"@id\":\"https:\/\/miastoinspiracji.lublin.eu\/en\/klauzula-informacyjna\/#primaryimage\",\"url\":\"https:\/\/miastoinspiracji.lublin.eu\/wp-content\/uploads\/2020\/08\/12.png\",\"contentUrl\":\"https:\/\/miastoinspiracji.lublin.eu\/wp-content\/uploads\/2020\/08\/12.png\",\"width\":2560,\"height\":1440,\"caption\":\"Stare Miasto w Lublinie noc\u0105\"},{\"@type\":\"BreadcrumbList\",\"@id\":\"https:\/\/miastoinspiracji.lublin.eu\/en\/klauzula-informacyjna\/#breadcrumb\",\"itemListElement\":[{\"@type\":\"ListItem\",\"position\":1,\"name\":\"Strona g\u0142\u00f3wna\",\"item\":\"https:\/\/miastoinspiracji.lublin.eu\/\"},{\"@type\":\"ListItem\",\"position\":2,\"name\":\"Klauzula informacyjna\"}]},{\"@type\":\"WebSite\",\"@id\":\"https:\/\/miastoinspiracji.lublin.eu\/en\/#website\",\"url\":\"https:\/\/miastoinspiracji.lublin.eu\/en\/\",\"name\":\"Miasto Inspiracji\",\"description\":\"Programy inspiracji Miasta Lublin\",\"publisher\":{\"@id\":\"https:\/\/miastoinspiracji.lublin.eu\/en\/#organization\"},\"potentialAction\":[{\"@type\":\"SearchAction\",\"target\":{\"@type\":\"EntryPoint\",\"urlTemplate\":\"https:\/\/miastoinspiracji.lublin.eu\/en\/?s={search_term_string}\"},\"query-input\":{\"@type\":\"PropertyValueSpecification\",\"valueRequired\":true,\"valueName\":\"search_term_string\"}}],\"inLanguage\":\"en-GB\"},{\"@type\":\"Organization\",\"@id\":\"https:\/\/miastoinspiracji.lublin.eu\/en\/#organization\",\"name\":\"Urz\u0105d Miasta Lublin\",\"url\":\"https:\/\/miastoinspiracji.lublin.eu\/en\/\",\"logo\":{\"@type\":\"ImageObject\",\"inLanguage\":\"en-GB\",\"@id\":\"https:\/\/miastoinspiracji.lublin.eu\/en\/#\/schema\/logo\/image\/\",\"url\":\"https:\/\/miastoinspiracji.lublin.eu\/wp-content\/uploads\/2020\/08\/favicon.png\",\"contentUrl\":\"https:\/\/miastoinspiracji.lublin.eu\/wp-content\/uploads\/2020\/08\/favicon.png\",\"width\":512,\"height\":512,\"caption\":\"Urz\u0105d Miasta Lublin\"},\"image\":{\"@id\":\"https:\/\/miastoinspiracji.lublin.eu\/en\/#\/schema\/logo\/image\/\"},\"sameAs\":[\"https:\/\/www.facebook.com\/turystycznylublin\",\"https:\/\/x.com\/miasto_lublin\",\"https:\/\/www.instagram.com\/turystycznylublin\/\",\"https:\/\/www.linkedin.com\/company\/urzad-miasta-lublin\/\",\"https:\/\/www.youtube.com\/channel\/UC7ALjgzz6oUurAOsgdKsN7A\",\"https:\/\/pl.wikipedia.org\/wiki\/Lublin\"]}]}<\/script>\n<!-- \/ Yoast SEO plugin. -->","yoast_head_json":{"title":"Klauzula informacyjna - Miasto Inspiracji","description":"Lublin to prawdziwe Miasto Inspiracji. Poznaj Miejsca Inspiracji i sprawd\u017a, gdzie Przewodnicy Inspiracji poprowadz\u0105 ci\u0119, gdy trwa Sezon Lublin!","robots":{"index":"index","follow":"follow","max-snippet":"max-snippet:-1","max-image-preview":"max-image-preview:large","max-video-preview":"max-video-preview:-1"},"canonical":"https:\/\/miastoinspiracji.lublin.eu\/en\/klauzula-informacyjna\/","og_locale":"en_GB","og_type":"article","og_title":"Klauzula informacyjna - Miasto Inspiracji","og_description":"Lublin to prawdziwe Miasto Inspiracji. Poznaj Miejsca Inspiracji i sprawd\u017a, gdzie Przewodnicy Inspiracji poprowadz\u0105 ci\u0119, gdy trwa Sezon Lublin!","og_url":"https:\/\/miastoinspiracji.lublin.eu\/en\/klauzula-informacyjna\/","og_site_name":"Miasto Inspiracji","article_publisher":"https:\/\/www.facebook.com\/turystycznylublin","article_modified_time":"2020-09-04T08:13:28+00:00","og_image":[{"width":1024,"height":576,"url":"https:\/\/miastoinspiracji.lublin.eu\/wp-content\/uploads\/2020\/08\/12-1024x576.png","type":"image\/png"}],"twitter_card":"summary_large_image","twitter_site":"@miasto_lublin","twitter_misc":{"Estimated reading time":"3 minutes"},"schema":{"@context":"https:\/\/schema.org","@graph":[{"@type":"WebPage","@id":"https:\/\/miastoinspiracji.lublin.eu\/en\/klauzula-informacyjna\/","url":"https:\/\/miastoinspiracji.lublin.eu\/en\/klauzula-informacyjna\/","name":"Klauzula informacyjna - Miasto Inspiracji","isPartOf":{"@id":"https:\/\/miastoinspiracji.lublin.eu\/en\/#website"},"primaryImageOfPage":{"@id":"https:\/\/miastoinspiracji.lublin.eu\/en\/klauzula-informacyjna\/#primaryimage"},"image":{"@id":"https:\/\/miastoinspiracji.lublin.eu\/en\/klauzula-informacyjna\/#primaryimage"},"thumbnailUrl":"https:\/\/miastoinspiracji.lublin.eu\/wp-content\/uploads\/2020\/08\/12.png","datePublished":"2020-08-31T06:06:29+00:00","dateModified":"2020-09-04T08:13:28+00:00","description":"Lublin to prawdziwe Miasto Inspiracji. Poznaj Miejsca Inspiracji i sprawd\u017a, gdzie Przewodnicy Inspiracji poprowadz\u0105 ci\u0119, gdy trwa Sezon Lublin!","breadcrumb":{"@id":"https:\/\/miastoinspiracji.lublin.eu\/en\/klauzula-informacyjna\/#breadcrumb"},"inLanguage":"en-GB","potentialAction":[{"@type":"ReadAction","target":["https:\/\/miastoinspiracji.lublin.eu\/en\/klauzula-informacyjna\/"]}]},{"@type":"ImageObject","inLanguage":"en-GB","@id":"https:\/\/miastoinspiracji.lublin.eu\/en\/klauzula-informacyjna\/#primaryimage","url":"https:\/\/miastoinspiracji.lublin.eu\/wp-content\/uploads\/2020\/08\/12.png","contentUrl":"https:\/\/miastoinspiracji.lublin.eu\/wp-content\/uploads\/2020\/08\/12.png","width":2560,"height":1440,"caption":"Stare Miasto w Lublinie noc\u0105"},{"@type":"BreadcrumbList","@id":"https:\/\/miastoinspiracji.lublin.eu\/en\/klauzula-informacyjna\/#breadcrumb","itemListElement":[{"@type":"ListItem","position":1,"name":"Strona g\u0142\u00f3wna","item":"https:\/\/miastoinspiracji.lublin.eu\/"},{"@type":"ListItem","position":2,"name":"Klauzula informacyjna"}]},{"@type":"WebSite","@id":"https:\/\/miastoinspiracji.lublin.eu\/en\/#website","url":"https:\/\/miastoinspiracji.lublin.eu\/en\/","name":"Miasto Inspiracji","description":"Programy inspiracji Miasta Lublin","publisher":{"@id":"https:\/\/miastoinspiracji.lublin.eu\/en\/#organization"},"potentialAction":[{"@type":"SearchAction","target":{"@type":"EntryPoint","urlTemplate":"https:\/\/miastoinspiracji.lublin.eu\/en\/?s={search_term_string}"},"query-input":{"@type":"PropertyValueSpecification","valueRequired":true,"valueName":"search_term_string"}}],"inLanguage":"en-GB"},{"@type":"Organization","@id":"https:\/\/miastoinspiracji.lublin.eu\/en\/#organization","name":"Urz\u0105d Miasta Lublin","url":"https:\/\/miastoinspiracji.lublin.eu\/en\/","logo":{"@type":"ImageObject","inLanguage":"en-GB","@id":"https:\/\/miastoinspiracji.lublin.eu\/en\/#\/schema\/logo\/image\/","url":"https:\/\/miastoinspiracji.lublin.eu\/wp-content\/uploads\/2020\/08\/favicon.png","contentUrl":"https:\/\/miastoinspiracji.lublin.eu\/wp-content\/uploads\/2020\/08\/favicon.png","width":512,"height":512,"caption":"Urz\u0105d Miasta Lublin"},"image":{"@id":"https:\/\/miastoinspiracji.lublin.eu\/en\/#\/schema\/logo\/image\/"},"sameAs":["https:\/\/www.facebook.com\/turystycznylublin","https:\/\/x.com\/miasto_lublin","https:\/\/www.instagram.com\/turystycznylublin\/","https:\/\/www.linkedin.com\/company\/urzad-miasta-lublin\/","https:\/\/www.youtube.com\/channel\/UC7ALjgzz6oUurAOsgdKsN7A","https:\/\/pl.wikipedia.org\/wiki\/Lublin"]}]}},"_links":{"self":[{"href":"https:\/\/miastoinspiracji.lublin.eu\/en\/wp-json\/wp\/v2\/pages\/5057","targetHints":{"allow":["GET"]}}],"collection":[{"href":"https:\/\/miastoinspiracji.lublin.eu\/en\/wp-json\/wp\/v2\/pages"}],"about":[{"href":"https:\/\/miastoinspiracji.lublin.eu\/en\/wp-json\/wp\/v2\/types\/page"}],"author":[{"embeddable":true,"href":"https:\/\/miastoinspiracji.lublin.eu\/en\/wp-json\/wp\/v2\/users\/4"}],"replies":[{"embeddable":true,"href":"https:\/\/miastoinspiracji.lublin.eu\/en\/wp-json\/wp\/v2\/comments?post=5057"}],"version-history":[{"count":5,"href":"https:\/\/miastoinspiracji.lublin.eu\/en\/wp-json\/wp\/v2\/pages\/5057\/revisions"}],"predecessor-version":[{"id":6740,"href":"https:\/\/miastoinspiracji.lublin.eu\/en\/wp-json\/wp\/v2\/pages\/5057\/revisions\/6740"}],"wp:featuredmedia":[{"embeddable":true,"href":"https:\/\/miastoinspiracji.lublin.eu\/en\/wp-json\/wp\/v2\/media\/770"}],"wp:attachment":[{"href":"https:\/\/miastoinspiracji.lublin.eu\/en\/wp-json\/wp\/v2\/media?parent=5057"}],"wp:term":[{"taxonomy":"category","embeddable":true,"href":"https:\/\/miastoinspiracji.lublin.eu\/en\/wp-json\/wp\/v2\/categories?post=5057"}],"curies":[{"name":"wp","href":"https:\/\/api.w.org\/{rel}","templated":true}]}}