{"id":5083,"date":"2020-08-31T06:56:26","date_gmt":"2020-08-31T06:56:26","guid":{"rendered":"https:\/\/miastoinspiracji.lublin.eu\/?page_id=5083"},"modified":"2025-04-14T12:40:26","modified_gmt":"2025-04-14T11:40:26","slug":"deklaracja-dostepnosci","status":"publish","type":"page","link":"https:\/\/miastoinspiracji.lublin.eu\/en\/deklaracja-dostepnosci\/","title":{"rendered":"Declaration of accessibility"},"content":{"rendered":"<div data-elementor-type=\"wp-page\" data-elementor-id=\"5083\" class=\"elementor elementor-5083\" data-elementor-settings=\"{&quot;ha_cmc_init_switcher&quot;:&quot;no&quot;}\" data-elementor-post-type=\"page\">\n\t\t\t\t\t\t<section class=\"elementor-section elementor-top-section elementor-element elementor-element-757c691 elementor-section-full_width elementor-section-height-default elementor-section-height-default\" data-id=\"757c691\" data-element_type=\"section\" data-settings=\"{&quot;_ha_eqh_enable&quot;:false}\">\n\t\t\t\t\t\t<div class=\"elementor-container elementor-column-gap-default\">\n\t\t\t\t\t<div class=\"elementor-column elementor-col-100 elementor-top-column elementor-element elementor-element-200297a3\" data-id=\"200297a3\" data-element_type=\"column\" data-settings=\"{&quot;background_background&quot;:&quot;classic&quot;}\">\n\t\t\t<div class=\"elementor-widget-wrap elementor-element-populated\">\n\t\t\t\t\t<div class=\"elementor-background-overlay\"><\/div>\n\t\t\t\t\t\t<div class=\"elementor-element elementor-element-3a4f6bab elementor-widget elementor-widget-heading\" data-id=\"3a4f6bab\" data-element_type=\"widget\" data-widget_type=\"heading.default\">\n\t\t\t\t<div class=\"elementor-widget-container\">\n\t\t\t\t\t<h1 class=\"elementor-heading-title elementor-size-xxl\">Declaration of accessibility<\/h1>\t\t\t\t<\/div>\n\t\t\t\t<\/div>\n\t\t\t\t\t<\/div>\n\t\t<\/div>\n\t\t\t\t\t<\/div>\n\t\t<\/section>\n\t\t\t\t<section class=\"elementor-section elementor-top-section elementor-element elementor-element-55c65eda elementor-section-content-middle elementor-reverse-mobile elementor-section-boxed elementor-section-height-default elementor-section-height-default\" data-id=\"55c65eda\" data-element_type=\"section\" data-settings=\"{&quot;background_background&quot;:&quot;classic&quot;,&quot;_ha_eqh_enable&quot;:false}\">\n\t\t\t\t\t\t<div class=\"elementor-container elementor-column-gap-default\">\n\t\t\t\t\t<div class=\"elementor-column elementor-col-50 elementor-top-column elementor-element elementor-element-569cad53\" data-id=\"569cad53\" data-element_type=\"column\">\n\t\t\t<div class=\"elementor-widget-wrap elementor-element-populated\">\n\t\t\t\t\t\t\t<\/div>\n\t\t<\/div>\n\t\t\t\t<div class=\"elementor-column elementor-col-50 elementor-top-column elementor-element elementor-element-3ad776d4\" data-id=\"3ad776d4\" data-element_type=\"column\">\n\t\t\t<div class=\"elementor-widget-wrap elementor-element-populated\">\n\t\t\t\t\t\t<div class=\"elementor-element elementor-element-71659c6 d2c-back elementor-absolute elementor-widget elementor-widget-global elementor-global-1591 elementor-widget-heading\" data-id=\"71659c6\" data-element_type=\"widget\" data-settings=\"{&quot;_position&quot;:&quot;absolute&quot;}\" data-widget_type=\"heading.default\">\n\t\t\t\t<div class=\"elementor-widget-container\">\n\t\t\t\t\t<h5 class=\"elementor-heading-title elementor-size-default\"><a href=\"#\">go back<\/a><\/h5>\t\t\t\t<\/div>\n\t\t\t\t<\/div>\n\t\t\t\t\t<\/div>\n\t\t<\/div>\n\t\t\t\t\t<\/div>\n\t\t<\/section>\n\t\t\t\t<section class=\"elementor-section elementor-top-section elementor-element elementor-element-5a6883 elementor-section-boxed elementor-section-height-default elementor-section-height-default\" data-id=\"5a6883\" data-element_type=\"section\" data-settings=\"{&quot;_ha_eqh_enable&quot;:false}\">\n\t\t\t\t\t\t<div class=\"elementor-container elementor-column-gap-default\">\n\t\t\t\t\t<div class=\"elementor-column elementor-col-100 elementor-top-column elementor-element elementor-element-64485b60\" data-id=\"64485b60\" data-element_type=\"column\">\n\t\t\t<div class=\"elementor-widget-wrap elementor-element-populated\">\n\t\t\t\t\t\t<div class=\"elementor-element elementor-element-ec6c688 elementor-widget elementor-widget-text-editor\" data-id=\"ec6c688\" data-element_type=\"widget\" data-widget_type=\"text-editor.default\">\n\t\t\t\t<div class=\"elementor-widget-container\">\n\t\t\t\t\t\t\t\t\t<h1>Declaration of accessibility<\/h1><section id=\"a11y-wstep\"><span id=\"a11y-podmiot\">Biuro Rozwoju Turystyki Urz\u0119du Miasta Lublin<\/span> zobowi\u0105zuje si\u0119 zapewni\u0107 dost\u0119pno\u015b\u0107 swojej <span id=\"a11y-zakres\">strony internetowej<\/span> zgodnie z ustaw\u0105 z dnia 4 kwietnia 2019 r. o dost\u0119pno\u015bci cyfrowej stron internetowych i aplikacji mobilnych podmiot\u00f3w publicznych. Deklaracja dost\u0119pno\u015bci dotyczy strony www.miastoinspiracji.lublin.eu<\/section><section><\/section><section><ul><li>Data publikacji strony internetowej: 31 sierpnia<time id=\"a11y-data-publikacja\" datetime=\"2020-03-20\"> 2020 r.<\/time><\/li><li>Data ostatniej istotnej aktualizacji: 25 listopada 2024<time id=\"a11y-data-aktualizacja\" datetime=\"2020-06-23\"> r.<\/time><\/li><\/ul><\/section><section><h2>Stan dost\u0119pno\u015bci cyfrowej<\/h2><p id=\"a11y-status\">Ta strona internetowa jest cz\u0119\u015bciowo zgodna z za\u0142\u0105cznikiem do ustawy o dost\u0119pno\u015bci cyfrowej z dnia 4 kwietnia 2019 r. o dost\u0119pno\u015bci cyfrowej stron internetowych i aplikacji mobilnych podmiot\u00f3w publicznych z powodu [niezgodno\u015bci i wy\u0142\u0105cze\u0144] wymienionych poni\u017cej.<\/p><\/section><section><h2>Niedost\u0119pne tre\u015bci<\/h2><section><h3>Niezgodno\u015b\u0107 z za\u0142\u0105cznikiem<\/h3><ul><li>Pewne zdj\u0119cia\/grafiki mog\u0105 zawiera\u0107 nieadekwatne tytu\u0142y alternatywne.<\/li><li>Pliki do pobrania (doc, pdf) pomimo, \u017ce s\u0105 dokumentami tekstowymi mo\u017cliwymi do odczytu przez technologie asystuj\u0105ce mog\u0105 zawiera\u0107 b\u0142\u0119dy w formatowaniu utrudniaj\u0105ce zapoznanie si\u0119 z tre\u015bci\u0105.<\/li><\/ul><\/section><\/section><section><h2>Przygotowanie deklaracji dost\u0119pno\u015bci<\/h2><ul><li>Data sporz\u0105dzenia deklaracji: <time id=\"a11y-data-sporzadzenie\" datetime=\"2020-02-10\">31 sierpnia 2020 r.<\/time><\/li><li>Data ostatniego przegl\u0105du deklaracji: 31<time datetime=\"2025-03-27\"><time datetime=\"2025-03-27\"><time datetime=\"2025-03-27\"> marca 2025 r.<\/time><\/time><\/time><p>\u00a0<\/p><\/li><\/ul><p>Deklaracj\u0119 sporz\u0105dzono na podstawie <a href=\"https:\/\/miastoinspiracji.lublin.eu\/wp-content\/uploads\/2025\/04\/Audyt-miastoinspiracji.lublin.eu-2-1-logo.pdf\" target=\"_blank\" rel=\"noopener\">oceny przeprowadzonej przez perfekcyjnestrony.pl<\/a> oraz <a href=\"https:\/\/miastoinspiracji.lublin.eu\/wp-content\/uploads\/2025\/04\/Wykaz-wykonanych-prac_perfekcyjne-strony1-logo2.pdf\" target=\"_blank\" rel=\"noopener\">dokumentacji dostarczonej przez wykonawc\u0119<\/a> po aktualizacji i dostosowaniu strony do aktualnych wymaga\u0144 ustawowych.<\/p><\/section><section><h2>Skr\u00f3ty klawiaturowe<\/h2><ul><li>Na stronie internetowej mo\u017cna u\u017cywa\u0107 standardowych skr\u00f3t\u00f3w klawiaturowych przegl\u0105darki.<\/li><\/ul><\/section><section><h2>Informacje zwrotne i dane kontaktowe<\/h2><p>Wszystkie problemy z dost\u0119pno\u015bci\u0105 cyfrow\u0105 tej strony internetowej mo\u017cesz zg\u0142osi\u0107 do <span id=\"a11y-kontakt\">Tourism Development Bureau<\/span> &#8211; mailowo <a href=\"mailto:turystyka@lublin.eu\">turystyka@lublin.eu<\/a> lub telefonicznie <a id=\"a11y-telefon\" href=\"tel:814663850\">81 466 38 50<\/a>.<\/p><p>Ka\u017cdy ma prawo wyst\u0105pi\u0107 z \u017c\u0105daniem zapewnienia dost\u0119pno\u015bci cyfrowej tej strony internetowej lub jej element\u00f3w.<\/p><p>Zg\u0142aszaj\u0105c takie \u017c\u0105danie podaj:<\/p><ul><li>swoje imi\u0119 i nazwisko,<\/li><li>swoje dane kontaktowe (np. numer telefonu, e-mail),<\/li><li>dok\u0142adny adres strony internetowej, na kt\u00f3rej jest niedost\u0119pny cyfrowo element lub tre\u015b\u0107,<\/li><li>opis na czym polega problem i jaki spos\u00f3b jego rozwi\u0105zania by\u0142by dla Ciebie najwygodniejszy.<\/li><\/ul><p>Na Twoje zg\u0142oszenie odpowiemy najszybciej jak to mo\u017cliwe, nie p\u00f3\u017aniej ni\u017c w ci\u0105gu 7 dni od jego otrzymania.<\/p><p>Je\u017celi ten termin b\u0119dzie dla nas zbyt kr\u00f3tki poinformujemy Ci\u0119 o tym. W tej informacji podamy nowy termin, do kt\u00f3rego poprawimy zg\u0142oszone przez Ciebie b\u0142\u0119dy lub przygotujemy informacje w alternatywny spos\u00f3b. Ten nowy termin nie b\u0119dzie d\u0142u\u017cszy ni\u017c 2 miesi\u0105ce.<\/p><p>Je\u017celi nie b\u0119dziemy w stanie zapewni\u0107 dost\u0119pno\u015bci cyfrowej strony internetowej lub tre\u015bci, wskazanej w Twoim \u017c\u0105daniu, zaproponujemy Ci dost\u0119p do nich w alternatywny spos\u00f3b.<\/p><\/section><section id=\"a11y-procedura\"><h2>Obs\u0142uga wniosk\u00f3w i skarg zwi\u0105zanych z dost\u0119pno\u015bci\u0105<\/h2><p>Je\u017celi w odpowiedzi na Tw\u00f3j wniosek o zapewnienie dost\u0119pno\u015bci cyfrowej, odm\u00f3wimy zapewnienia \u017c\u0105danej przez Ciebie dost\u0119pno\u015bci cyfrowej, a Ty nie zgadzasz si\u0119 z t\u0105 odmow\u0105, masz prawo z\u0142o\u017cy\u0107 skarg\u0119.<\/p><p>Skarg\u0119 masz prawo z\u0142o\u017cy\u0107 tak\u017ce, je\u015bli nie zgadzasz si\u0119 na skorzystanie z alternatywnego sposobu dost\u0119pu, kt\u00f3ry zaproponowali\u015bmy Ci w odpowiedzi na Tw\u00f3j wniosek o zapewnienie dost\u0119pno\u015bci cyfrowej.<\/p><p>Ewentualn\u0105 skarg\u0119 z\u0142\u00f3\u017c listownie lub mailem do:<\/p><ul><li><span id=\"a11y-procedura-kierownik\">Biuro Rozwoju Turystyki Urz\u0119du Miasta Lublin<\/span>,<\/li><li>Address: <span id=\"a11y-procedura-adres\">ul. Jezuicka 1-3, 20-113 Lublin<\/span>,<\/li><li>mail: <a id=\"a11y-procedura-email\" href=\"mailto:turystyka@lublin.eu\">turystyka@lublin.eu<\/a>.<\/li><\/ul><p><a href=\"https:\/\/www.gov.pl\/web\/gov\/zloz-wniosek-o-zapewnienie-dostepnosci-cyfrowej-strony-internetowej-lub-aplikacji-mobilnej\">Pomocne mog\u0105 by\u0107 informacje, kt\u00f3re mo\u017cna znale\u017a\u0107 na rz\u0105dowym portalu gov.pl<\/a>.<\/p><p>Mo\u017cesz tak\u017ce poinformowa\u0107 o tej sytuacji <a href=\"https:\/\/bip.brpo.gov.pl\/\">Rzecznika Praw Obywatelskich<\/a> i poprosi\u0107 o interwencj\u0119 w Twojej sprawie.<\/p><\/section><section><h2>Pozosta\u0142e informacje<\/h2><section id=\"a11y-aplikacje\"><h3>Aplikacje mobilne<\/h3><p>Biuro Rozwoju Turystyki Urz\u0119du Miasta Lublin udost\u0119pnia nast\u0119puj\u0105ce aplikacje mobilne:<\/p><ul><li><a href=\"https:\/\/play.google.com\/store\/apps\/details?id=com.OrizonGroup.TurystycznyLublin\">Turystyczny Lublin w wersji dla systemu Android<\/a><a>.<\/a><\/li><li><a href=\"https:\/\/apps.apple.com\/pl\/app\/turystyczny-lublin\/id1620532156?platform=ipad\">Turystyczny Lublin w wersji dla systemu iOS<\/a>.<\/li><\/ul><\/section><section id=\"a11y-architektura\"><h3>Dost\u0119pno\u015b\u0107 architektoniczna<\/h3><section>Szczeg\u00f3\u0142owy opis dost\u0119pno\u015bci architektonicznej siedziby g\u0142\u00f3wnej Urz\u0119du Miasta oraz pozosta\u0142ych lokalizacji Urz\u0119du Miasta Lublin.<\/section><\/section><\/section><div class=\"mt-2\"><a id=\"a11y-architektura-url\" href=\"https:\/\/lublin.eu\/deklaracja-dostepnosci\/dostepnosc-architektoniczna\/#id_36\"> Zobacz opis dost\u0119pno\u015bci architektonicznej<\/a><\/div><section id=\"a11y-komunikacja\"><h3>Dost\u0119pno\u015b\u0107 komunikacyjno-informacyjna<\/h3><p>Z pomocy t\u0142umacza j\u0119zyka migowego mo\u017cna skorzysta\u0107 na trzy sposoby:<\/p><ul><li>poprzez po\u0142\u0105czenie online ze strony Urz\u0119du Miasta Lublin z t\u0142umaczem j\u0119zyka migowego (us\u0142uga jest dost\u0119pna w godzinach pracy Urz\u0119du Miasta Lublin) lub w trakcie wizyty w Urz\u0119dzie Miasta Lublin w Punkcie Informacyjnym Biura Obs\u0142ugi Mieszka\u0144c\u00f3w przy ul. Wieniawskiej 14 (po\u0142\u0105czenie z t\u0142umaczem j\u0119zyka migowego nast\u0119puje z urz\u0105dzenia przeno\u015bnego &#8211; tabletu);<\/li><li>osobi\u015bcie (t\u0142umacz w O\u015brodku Informacji Os\u00f3b Niepe\u0142nosprawnych), um\u00f3wi\u0107 mo\u017cna si\u0119 pod adresem tlumaczpjm@lublin.eu lub osobi\u015bcie w Biurze Obs\u0142ugi Mieszka\u0144c\u00f3w ul. Wieniawska 14 w Punkcie Informacyjnym w dniach od poniedzia\u0142ku do pi\u0105tku w godz. 8:00-15:00;<\/li><li>on line, za po\u015brednictwem Skype: gdudek.um.lublin.<\/li><\/ul><\/section>\t\t\t\t\t\t\t\t<\/div>\n\t\t\t\t<\/div>\n\t\t\t\t\t<\/div>\n\t\t<\/div>\n\t\t\t\t\t<\/div>\n\t\t<\/section>\n\t\t\t\t<section class=\"elementor-section elementor-top-section elementor-element elementor-element-5999b47e elementor-section-boxed elementor-section-height-default elementor-section-height-default\" data-id=\"5999b47e\" data-element_type=\"section\" data-settings=\"{&quot;_ha_eqh_enable&quot;:false}\">\n\t\t\t\t\t\t<div class=\"elementor-container elementor-column-gap-default\">\n\t\t\t\t\t<div class=\"elementor-column elementor-col-100 elementor-top-column elementor-element elementor-element-7d84929f\" data-id=\"7d84929f\" data-element_type=\"column\">\n\t\t\t<div class=\"elementor-widget-wrap elementor-element-populated\">\n\t\t\t\t\t\t<div data-ha-element-link=\"{&quot;url&quot;:&quot;#&quot;,&quot;is_external&quot;:&quot;&quot;,&quot;nofollow&quot;:&quot;&quot;}\" style=\"cursor: pointer\" class=\"elementor-element elementor-element-1d36e8e9 d2c-up elementor-widget elementor-widget-global elementor-global-1588 elementor-widget-heading\" data-id=\"1d36e8e9\" data-element_type=\"widget\" data-widget_type=\"heading.default\">\n\t\t\t\t<div class=\"elementor-widget-container\">\n\t\t\t\t\t<h5 class=\"elementor-heading-title elementor-size-default\"><a href=\"#\">go up<\/a><\/h5>\t\t\t\t<\/div>\n\t\t\t\t<\/div>\n\t\t\t\t\t<\/div>\n\t\t<\/div>\n\t\t\t\t\t<\/div>\n\t\t<\/section>\n\t\t\t\t<\/div>","protected":false},"excerpt":{"rendered":"<p>wr\u00f3\u0107 Deklaracja dost\u0119pno\u015bci Biuro Rozwoju Turystyki Urz\u0119du Miasta Lublin zobowi\u0105zuje si\u0119 zapewni\u0107 dost\u0119pno\u015b\u0107 swojej strony internetowej zgodnie z ustaw\u0105 z dnia 4 kwietnia 2019 r. o dost\u0119pno\u015bci cyfrowej stron internetowych i aplikacji mobilnych podmiot\u00f3w publicznych. Deklaracja dost\u0119pno\u015bci dotyczy strony www.miastoinspiracji.lublin.eu Data publikacji strony internetowej: 31 sierpnia 2020 r. Data ostatniej istotnej aktualizacji: 25 listopada 2024 [&hellip;]<\/p>","protected":false},"author":4,"featured_media":770,"parent":0,"menu_order":0,"comment_status":"closed","ping_status":"closed","template":"elementor_header_footer","meta":{"_acf_changed":false,"footnotes":""},"categories":[],"class_list":["post-5083","page","type-page","status-publish","has-post-thumbnail","hentry"],"acf":[],"yoast_head":"<!-- This site is optimized with the Yoast SEO plugin v26.5 - https:\/\/yoast.com\/wordpress\/plugins\/seo\/ -->\n<title>Deklaracja dost\u0119pno\u015bci - Miasto Inspiracji<\/title>\n<meta name=\"description\" content=\"Lublin to prawdziwe Miasto Inspiracji. Poznaj Miejsca Inspiracji i sprawd\u017a, gdzie Przewodnicy Inspiracji poprowadz\u0105 ci\u0119, gdy trwa Sezon Lublin!\" \/>\n<meta name=\"robots\" content=\"index, follow, max-snippet:-1, max-image-preview:large, max-video-preview:-1\" \/>\n<link rel=\"canonical\" href=\"https:\/\/miastoinspiracji.lublin.eu\/en\/deklaracja-dostepnosci\/\" \/>\n<meta property=\"og:locale\" content=\"en_GB\" \/>\n<meta property=\"og:type\" content=\"article\" \/>\n<meta property=\"og:title\" content=\"Deklaracja dost\u0119pno\u015bci - Miasto Inspiracji\" \/>\n<meta property=\"og:description\" content=\"Lublin to prawdziwe Miasto Inspiracji. Poznaj Miejsca Inspiracji i sprawd\u017a, gdzie Przewodnicy Inspiracji poprowadz\u0105 ci\u0119, gdy trwa Sezon Lublin!\" \/>\n<meta property=\"og:url\" content=\"https:\/\/miastoinspiracji.lublin.eu\/en\/deklaracja-dostepnosci\/\" \/>\n<meta property=\"og:site_name\" content=\"Miasto Inspiracji\" \/>\n<meta property=\"article:publisher\" content=\"https:\/\/www.facebook.com\/turystycznylublin\" \/>\n<meta property=\"article:modified_time\" content=\"2025-04-14T11:40:26+00:00\" \/>\n<meta property=\"og:image\" content=\"https:\/\/miastoinspiracji.lublin.eu\/wp-content\/uploads\/2020\/08\/12-1024x576.png\" \/>\n\t<meta property=\"og:image:width\" content=\"1024\" \/>\n\t<meta property=\"og:image:height\" content=\"576\" \/>\n\t<meta property=\"og:image:type\" content=\"image\/png\" \/>\n<meta name=\"twitter:card\" content=\"summary_large_image\" \/>\n<meta name=\"twitter:site\" content=\"@miasto_lublin\" \/>\n<meta name=\"twitter:label1\" content=\"Estimated reading time\" \/>\n\t<meta name=\"twitter:data1\" content=\"3 minutes\" \/>\n<script type=\"application\/ld+json\" class=\"yoast-schema-graph\">{\"@context\":\"https:\/\/schema.org\",\"@graph\":[{\"@type\":\"WebPage\",\"@id\":\"https:\/\/miastoinspiracji.lublin.eu\/en\/deklaracja-dostepnosci\/\",\"url\":\"https:\/\/miastoinspiracji.lublin.eu\/en\/deklaracja-dostepnosci\/\",\"name\":\"Deklaracja dost\u0119pno\u015bci - Miasto Inspiracji\",\"isPartOf\":{\"@id\":\"https:\/\/miastoinspiracji.lublin.eu\/en\/#website\"},\"primaryImageOfPage\":{\"@id\":\"https:\/\/miastoinspiracji.lublin.eu\/en\/deklaracja-dostepnosci\/#primaryimage\"},\"image\":{\"@id\":\"https:\/\/miastoinspiracji.lublin.eu\/en\/deklaracja-dostepnosci\/#primaryimage\"},\"thumbnailUrl\":\"https:\/\/miastoinspiracji.lublin.eu\/wp-content\/uploads\/2020\/08\/12.png\",\"datePublished\":\"2020-08-31T06:56:26+00:00\",\"dateModified\":\"2025-04-14T11:40:26+00:00\",\"description\":\"Lublin to prawdziwe Miasto Inspiracji. Poznaj Miejsca Inspiracji i sprawd\u017a, gdzie Przewodnicy Inspiracji poprowadz\u0105 ci\u0119, gdy trwa Sezon Lublin!\",\"breadcrumb\":{\"@id\":\"https:\/\/miastoinspiracji.lublin.eu\/en\/deklaracja-dostepnosci\/#breadcrumb\"},\"inLanguage\":\"en-GB\",\"potentialAction\":[{\"@type\":\"ReadAction\",\"target\":[\"https:\/\/miastoinspiracji.lublin.eu\/en\/deklaracja-dostepnosci\/\"]}]},{\"@type\":\"ImageObject\",\"inLanguage\":\"en-GB\",\"@id\":\"https:\/\/miastoinspiracji.lublin.eu\/en\/deklaracja-dostepnosci\/#primaryimage\",\"url\":\"https:\/\/miastoinspiracji.lublin.eu\/wp-content\/uploads\/2020\/08\/12.png\",\"contentUrl\":\"https:\/\/miastoinspiracji.lublin.eu\/wp-content\/uploads\/2020\/08\/12.png\",\"width\":2560,\"height\":1440,\"caption\":\"Stare Miasto w Lublinie noc\u0105\"},{\"@type\":\"BreadcrumbList\",\"@id\":\"https:\/\/miastoinspiracji.lublin.eu\/en\/deklaracja-dostepnosci\/#breadcrumb\",\"itemListElement\":[{\"@type\":\"ListItem\",\"position\":1,\"name\":\"Strona g\u0142\u00f3wna\",\"item\":\"https:\/\/miastoinspiracji.lublin.eu\/\"},{\"@type\":\"ListItem\",\"position\":2,\"name\":\"Deklaracja dost\u0119pno\u015bci\"}]},{\"@type\":\"WebSite\",\"@id\":\"https:\/\/miastoinspiracji.lublin.eu\/en\/#website\",\"url\":\"https:\/\/miastoinspiracji.lublin.eu\/en\/\",\"name\":\"Miasto Inspiracji\",\"description\":\"Programy inspiracji Miasta Lublin\",\"publisher\":{\"@id\":\"https:\/\/miastoinspiracji.lublin.eu\/en\/#organization\"},\"potentialAction\":[{\"@type\":\"SearchAction\",\"target\":{\"@type\":\"EntryPoint\",\"urlTemplate\":\"https:\/\/miastoinspiracji.lublin.eu\/en\/?s={search_term_string}\"},\"query-input\":{\"@type\":\"PropertyValueSpecification\",\"valueRequired\":true,\"valueName\":\"search_term_string\"}}],\"inLanguage\":\"en-GB\"},{\"@type\":\"Organization\",\"@id\":\"https:\/\/miastoinspiracji.lublin.eu\/en\/#organization\",\"name\":\"Urz\u0105d Miasta Lublin\",\"url\":\"https:\/\/miastoinspiracji.lublin.eu\/en\/\",\"logo\":{\"@type\":\"ImageObject\",\"inLanguage\":\"en-GB\",\"@id\":\"https:\/\/miastoinspiracji.lublin.eu\/en\/#\/schema\/logo\/image\/\",\"url\":\"https:\/\/miastoinspiracji.lublin.eu\/wp-content\/uploads\/2020\/08\/favicon.png\",\"contentUrl\":\"https:\/\/miastoinspiracji.lublin.eu\/wp-content\/uploads\/2020\/08\/favicon.png\",\"width\":512,\"height\":512,\"caption\":\"Urz\u0105d Miasta Lublin\"},\"image\":{\"@id\":\"https:\/\/miastoinspiracji.lublin.eu\/en\/#\/schema\/logo\/image\/\"},\"sameAs\":[\"https:\/\/www.facebook.com\/turystycznylublin\",\"https:\/\/x.com\/miasto_lublin\",\"https:\/\/www.instagram.com\/turystycznylublin\/\",\"https:\/\/www.linkedin.com\/company\/urzad-miasta-lublin\/\",\"https:\/\/www.youtube.com\/channel\/UC7ALjgzz6oUurAOsgdKsN7A\",\"https:\/\/pl.wikipedia.org\/wiki\/Lublin\"]}]}<\/script>\n<!-- \/ Yoast SEO plugin. -->","yoast_head_json":{"title":"Deklaracja dost\u0119pno\u015bci - Miasto Inspiracji","description":"Lublin to prawdziwe Miasto Inspiracji. Poznaj Miejsca Inspiracji i sprawd\u017a, gdzie Przewodnicy Inspiracji poprowadz\u0105 ci\u0119, gdy trwa Sezon Lublin!","robots":{"index":"index","follow":"follow","max-snippet":"max-snippet:-1","max-image-preview":"max-image-preview:large","max-video-preview":"max-video-preview:-1"},"canonical":"https:\/\/miastoinspiracji.lublin.eu\/en\/deklaracja-dostepnosci\/","og_locale":"en_GB","og_type":"article","og_title":"Deklaracja dost\u0119pno\u015bci - Miasto Inspiracji","og_description":"Lublin to prawdziwe Miasto Inspiracji. Poznaj Miejsca Inspiracji i sprawd\u017a, gdzie Przewodnicy Inspiracji poprowadz\u0105 ci\u0119, gdy trwa Sezon Lublin!","og_url":"https:\/\/miastoinspiracji.lublin.eu\/en\/deklaracja-dostepnosci\/","og_site_name":"Miasto Inspiracji","article_publisher":"https:\/\/www.facebook.com\/turystycznylublin","article_modified_time":"2025-04-14T11:40:26+00:00","og_image":[{"width":1024,"height":576,"url":"https:\/\/miastoinspiracji.lublin.eu\/wp-content\/uploads\/2020\/08\/12-1024x576.png","type":"image\/png"}],"twitter_card":"summary_large_image","twitter_site":"@miasto_lublin","twitter_misc":{"Estimated reading time":"3 minutes"},"schema":{"@context":"https:\/\/schema.org","@graph":[{"@type":"WebPage","@id":"https:\/\/miastoinspiracji.lublin.eu\/en\/deklaracja-dostepnosci\/","url":"https:\/\/miastoinspiracji.lublin.eu\/en\/deklaracja-dostepnosci\/","name":"Deklaracja dost\u0119pno\u015bci - Miasto Inspiracji","isPartOf":{"@id":"https:\/\/miastoinspiracji.lublin.eu\/en\/#website"},"primaryImageOfPage":{"@id":"https:\/\/miastoinspiracji.lublin.eu\/en\/deklaracja-dostepnosci\/#primaryimage"},"image":{"@id":"https:\/\/miastoinspiracji.lublin.eu\/en\/deklaracja-dostepnosci\/#primaryimage"},"thumbnailUrl":"https:\/\/miastoinspiracji.lublin.eu\/wp-content\/uploads\/2020\/08\/12.png","datePublished":"2020-08-31T06:56:26+00:00","dateModified":"2025-04-14T11:40:26+00:00","description":"Lublin to prawdziwe Miasto Inspiracji. Poznaj Miejsca Inspiracji i sprawd\u017a, gdzie Przewodnicy Inspiracji poprowadz\u0105 ci\u0119, gdy trwa Sezon Lublin!","breadcrumb":{"@id":"https:\/\/miastoinspiracji.lublin.eu\/en\/deklaracja-dostepnosci\/#breadcrumb"},"inLanguage":"en-GB","potentialAction":[{"@type":"ReadAction","target":["https:\/\/miastoinspiracji.lublin.eu\/en\/deklaracja-dostepnosci\/"]}]},{"@type":"ImageObject","inLanguage":"en-GB","@id":"https:\/\/miastoinspiracji.lublin.eu\/en\/deklaracja-dostepnosci\/#primaryimage","url":"https:\/\/miastoinspiracji.lublin.eu\/wp-content\/uploads\/2020\/08\/12.png","contentUrl":"https:\/\/miastoinspiracji.lublin.eu\/wp-content\/uploads\/2020\/08\/12.png","width":2560,"height":1440,"caption":"Stare Miasto w Lublinie noc\u0105"},{"@type":"BreadcrumbList","@id":"https:\/\/miastoinspiracji.lublin.eu\/en\/deklaracja-dostepnosci\/#breadcrumb","itemListElement":[{"@type":"ListItem","position":1,"name":"Strona g\u0142\u00f3wna","item":"https:\/\/miastoinspiracji.lublin.eu\/"},{"@type":"ListItem","position":2,"name":"Deklaracja dost\u0119pno\u015bci"}]},{"@type":"WebSite","@id":"https:\/\/miastoinspiracji.lublin.eu\/en\/#website","url":"https:\/\/miastoinspiracji.lublin.eu\/en\/","name":"Miasto Inspiracji","description":"Programy inspiracji Miasta Lublin","publisher":{"@id":"https:\/\/miastoinspiracji.lublin.eu\/en\/#organization"},"potentialAction":[{"@type":"SearchAction","target":{"@type":"EntryPoint","urlTemplate":"https:\/\/miastoinspiracji.lublin.eu\/en\/?s={search_term_string}"},"query-input":{"@type":"PropertyValueSpecification","valueRequired":true,"valueName":"search_term_string"}}],"inLanguage":"en-GB"},{"@type":"Organization","@id":"https:\/\/miastoinspiracji.lublin.eu\/en\/#organization","name":"Urz\u0105d Miasta Lublin","url":"https:\/\/miastoinspiracji.lublin.eu\/en\/","logo":{"@type":"ImageObject","inLanguage":"en-GB","@id":"https:\/\/miastoinspiracji.lublin.eu\/en\/#\/schema\/logo\/image\/","url":"https:\/\/miastoinspiracji.lublin.eu\/wp-content\/uploads\/2020\/08\/favicon.png","contentUrl":"https:\/\/miastoinspiracji.lublin.eu\/wp-content\/uploads\/2020\/08\/favicon.png","width":512,"height":512,"caption":"Urz\u0105d Miasta Lublin"},"image":{"@id":"https:\/\/miastoinspiracji.lublin.eu\/en\/#\/schema\/logo\/image\/"},"sameAs":["https:\/\/www.facebook.com\/turystycznylublin","https:\/\/x.com\/miasto_lublin","https:\/\/www.instagram.com\/turystycznylublin\/","https:\/\/www.linkedin.com\/company\/urzad-miasta-lublin\/","https:\/\/www.youtube.com\/channel\/UC7ALjgzz6oUurAOsgdKsN7A","https:\/\/pl.wikipedia.org\/wiki\/Lublin"]}]}},"_links":{"self":[{"href":"https:\/\/miastoinspiracji.lublin.eu\/en\/wp-json\/wp\/v2\/pages\/5083","targetHints":{"allow":["GET"]}}],"collection":[{"href":"https:\/\/miastoinspiracji.lublin.eu\/en\/wp-json\/wp\/v2\/pages"}],"about":[{"href":"https:\/\/miastoinspiracji.lublin.eu\/en\/wp-json\/wp\/v2\/types\/page"}],"author":[{"embeddable":true,"href":"https:\/\/miastoinspiracji.lublin.eu\/en\/wp-json\/wp\/v2\/users\/4"}],"replies":[{"embeddable":true,"href":"https:\/\/miastoinspiracji.lublin.eu\/en\/wp-json\/wp\/v2\/comments?post=5083"}],"version-history":[{"count":130,"href":"https:\/\/miastoinspiracji.lublin.eu\/en\/wp-json\/wp\/v2\/pages\/5083\/revisions"}],"predecessor-version":[{"id":27969,"href":"https:\/\/miastoinspiracji.lublin.eu\/en\/wp-json\/wp\/v2\/pages\/5083\/revisions\/27969"}],"wp:featuredmedia":[{"embeddable":true,"href":"https:\/\/miastoinspiracji.lublin.eu\/en\/wp-json\/wp\/v2\/media\/770"}],"wp:attachment":[{"href":"https:\/\/miastoinspiracji.lublin.eu\/en\/wp-json\/wp\/v2\/media?parent=5083"}],"wp:term":[{"taxonomy":"category","embeddable":true,"href":"https:\/\/miastoinspiracji.lublin.eu\/en\/wp-json\/wp\/v2\/categories?post=5083"}],"curies":[{"name":"wp","href":"https:\/\/api.w.org\/{rel}","templated":true}]}}