{"id":6835,"date":"2020-09-04T08:57:24","date_gmt":"2020-09-04T08:57:24","guid":{"rendered":"https:\/\/miastoinspiracji.lublin.eu\/tourism-development-office\/"},"modified":"2020-09-14T06:17:30","modified_gmt":"2020-09-14T06:17:30","slug":"tourism-development-office","status":"publish","type":"page","link":"https:\/\/miastoinspiracji.lublin.eu\/en\/tourism-development-office\/","title":{"rendered":"Tourism Development Office"},"content":{"rendered":"<div data-elementor-type=\"wp-page\" data-elementor-id=\"6835\" class=\"elementor elementor-6835\" data-elementor-settings=\"{&quot;ha_cmc_init_switcher&quot;:&quot;no&quot;}\" data-elementor-post-type=\"page\">\n\t\t\t\t\t\t<section class=\"elementor-section elementor-top-section elementor-element elementor-element-757c691 elementor-section-full_width elementor-section-height-default elementor-section-height-default\" data-id=\"757c691\" data-element_type=\"section\" data-settings=\"{&quot;_ha_eqh_enable&quot;:false}\">\n\t\t\t\t\t\t<div class=\"elementor-container elementor-column-gap-default\">\n\t\t\t\t\t<div class=\"elementor-column elementor-col-100 elementor-top-column elementor-element elementor-element-200297a3\" data-id=\"200297a3\" data-element_type=\"column\" data-settings=\"{&quot;background_background&quot;:&quot;classic&quot;}\">\n\t\t\t<div class=\"elementor-widget-wrap elementor-element-populated\">\n\t\t\t\t\t<div class=\"elementor-background-overlay\"><\/div>\n\t\t\t\t\t\t<div class=\"elementor-element elementor-element-3a4f6bab elementor-widget elementor-widget-heading\" data-id=\"3a4f6bab\" data-element_type=\"widget\" data-widget_type=\"heading.default\">\n\t\t\t\t<div class=\"elementor-widget-container\">\n\t\t\t\t\t<h1 class=\"elementor-heading-title elementor-size-xxl\">Tourism Development Office<\/h1>\t\t\t\t<\/div>\n\t\t\t\t<\/div>\n\t\t\t\t\t<\/div>\n\t\t<\/div>\n\t\t\t\t\t<\/div>\n\t\t<\/section>\n\t\t\t\t<section class=\"elementor-section elementor-top-section elementor-element elementor-element-55c65eda elementor-section-content-middle elementor-reverse-mobile elementor-section-boxed elementor-section-height-default elementor-section-height-default\" data-id=\"55c65eda\" data-element_type=\"section\" data-settings=\"{&quot;background_background&quot;:&quot;classic&quot;,&quot;_ha_eqh_enable&quot;:false}\">\n\t\t\t\t\t\t<div class=\"elementor-container elementor-column-gap-default\">\n\t\t\t\t\t<div class=\"elementor-column elementor-col-50 elementor-top-column elementor-element elementor-element-569cad53\" data-id=\"569cad53\" data-element_type=\"column\">\n\t\t\t<div class=\"elementor-widget-wrap elementor-element-populated\">\n\t\t\t\t\t\t<div class=\"elementor-element elementor-element-3af4e4d5 elementor-widget elementor-widget-heading\" data-id=\"3af4e4d5\" data-element_type=\"widget\" data-widget_type=\"heading.default\">\n\t\t\t\t<div class=\"elementor-widget-container\">\n\t\t\t\t\t<h2 class=\"elementor-heading-title elementor-size-default\">About us<\/h2>\t\t\t\t<\/div>\n\t\t\t\t<\/div>\n\t\t\t\t\t<\/div>\n\t\t<\/div>\n\t\t\t\t<div class=\"elementor-column elementor-col-50 elementor-top-column elementor-element elementor-element-3ad776d4\" data-id=\"3ad776d4\" data-element_type=\"column\">\n\t\t\t<div class=\"elementor-widget-wrap elementor-element-populated\">\n\t\t\t\t\t\t<div class=\"elementor-element elementor-element-71659c6 d2c-back elementor-absolute elementor-widget elementor-widget-global elementor-global-1591 elementor-widget-heading\" data-id=\"71659c6\" data-element_type=\"widget\" data-settings=\"{&quot;_position&quot;:&quot;absolute&quot;}\" data-widget_type=\"heading.default\">\n\t\t\t\t<div class=\"elementor-widget-container\">\n\t\t\t\t\t<h5 class=\"elementor-heading-title elementor-size-default\"><a href=\"#\">go back<\/a><\/h5>\t\t\t\t<\/div>\n\t\t\t\t<\/div>\n\t\t\t\t\t<\/div>\n\t\t<\/div>\n\t\t\t\t\t<\/div>\n\t\t<\/section>\n\t\t\t\t<section class=\"elementor-section elementor-top-section elementor-element elementor-element-5a6883 elementor-section-boxed elementor-section-height-default elementor-section-height-default\" data-id=\"5a6883\" data-element_type=\"section\" data-settings=\"{&quot;_ha_eqh_enable&quot;:false}\">\n\t\t\t\t\t\t<div class=\"elementor-container elementor-column-gap-default\">\n\t\t\t\t\t<div class=\"elementor-column elementor-col-100 elementor-top-column elementor-element elementor-element-64485b60\" data-id=\"64485b60\" data-element_type=\"column\">\n\t\t\t<div class=\"elementor-widget-wrap elementor-element-populated\">\n\t\t\t\t\t\t<div class=\"elementor-element elementor-element-ec6c688 elementor-widget elementor-widget-text-editor\" data-id=\"ec6c688\" data-element_type=\"widget\" data-widget_type=\"text-editor.default\">\n\t\t\t\t<div class=\"elementor-widget-container\">\n\t\t\t\t\t\t\t\t\t<p>Tourism Development Bureau is a department of the Lublin City Hall, which cooperates with the local tourist industry &#8211; cultural institutions, foundations and associations, city guides, as well as representatives of accommodation and catering facilities, in order to develop the city&#8217;s tourist offer. The Bureau&#8217;s task is also to promote Lublin, as an attractive tourist destination, in Poland and abroad.<\/p>\n\t\t\t\t\t\t\t\t<\/div>\n\t\t\t\t<\/div>\n\t\t\t\t\t<\/div>\n\t\t<\/div>\n\t\t\t\t\t<\/div>\n\t\t<\/section>\n\t\t\t\t<section class=\"elementor-section elementor-top-section elementor-element elementor-element-e205a74 elementor-section-boxed elementor-section-height-default elementor-section-height-default\" data-id=\"e205a74\" data-element_type=\"section\" data-settings=\"{&quot;_ha_eqh_enable&quot;:false}\">\n\t\t\t\t\t\t<div class=\"elementor-container elementor-column-gap-default\">\n\t\t\t\t\t<div class=\"elementor-column elementor-col-33 elementor-top-column elementor-element elementor-element-fe3aa45\" data-id=\"fe3aa45\" data-element_type=\"column\">\n\t\t\t<div class=\"elementor-widget-wrap elementor-element-populated\">\n\t\t\t\t\t\t<div class=\"elementor-element elementor-element-2ae5840f elementor-widget elementor-widget-heading\" data-id=\"2ae5840f\" data-element_type=\"widget\" data-widget_type=\"heading.default\">\n\t\t\t\t<div class=\"elementor-widget-container\">\n\t\t\t\t\t<h6 class=\"elementor-heading-title elementor-size-default\">Phone:<\/h6>\t\t\t\t<\/div>\n\t\t\t\t<\/div>\n\t\t\t\t<div class=\"elementor-element elementor-element-d3ce7de elementor-widget elementor-widget-heading\" data-id=\"d3ce7de\" data-element_type=\"widget\" data-widget_type=\"heading.default\">\n\t\t\t\t<div class=\"elementor-widget-container\">\n\t\t\t\t\t<h6 class=\"elementor-heading-title elementor-size-default\">E-mail:<\/h6>\t\t\t\t<\/div>\n\t\t\t\t<\/div>\n\t\t\t\t<div class=\"elementor-element elementor-element-7754a343 elementor-widget elementor-widget-heading\" data-id=\"7754a343\" data-element_type=\"widget\" data-widget_type=\"heading.default\">\n\t\t\t\t<div class=\"elementor-widget-container\">\n\t\t\t\t\t<h6 class=\"elementor-heading-title elementor-size-default\">Website:<\/h6>\t\t\t\t<\/div>\n\t\t\t\t<\/div>\n\t\t\t\t\t<\/div>\n\t\t<\/div>\n\t\t\t\t<div class=\"elementor-column elementor-col-66 elementor-top-column elementor-element elementor-element-7a1e2ea\" data-id=\"7a1e2ea\" data-element_type=\"column\">\n\t\t\t<div class=\"elementor-widget-wrap elementor-element-populated\">\n\t\t\t\t\t\t<div class=\"elementor-element elementor-element-57221e4f elementor-widget elementor-widget-heading\" data-id=\"57221e4f\" data-element_type=\"widget\" data-widget_type=\"heading.default\">\n\t\t\t\t<div class=\"elementor-widget-container\">\n\t\t\t\t\t<h6 class=\"elementor-heading-title elementor-size-default\">81 466 38 50<\/h6>\t\t\t\t<\/div>\n\t\t\t\t<\/div>\n\t\t\t\t<div class=\"elementor-element elementor-element-4796d9c7 elementor-widget elementor-widget-heading\" data-id=\"4796d9c7\" data-element_type=\"widget\" data-widget_type=\"heading.default\">\n\t\t\t\t<div class=\"elementor-widget-container\">\n\t\t\t\t\t<h6 class=\"elementor-heading-title elementor-size-default\">turystyka@lublin.eu<\/h6>\t\t\t\t<\/div>\n\t\t\t\t<\/div>\n\t\t\t\t<div class=\"elementor-element elementor-element-2f9d0c40 elementor-widget elementor-widget-heading\" data-id=\"2f9d0c40\" data-element_type=\"widget\" data-widget_type=\"heading.default\">\n\t\t\t\t<div class=\"elementor-widget-container\">\n\t\t\t\t\t<h6 class=\"elementor-heading-title elementor-size-default\"><a href=\"https:\/\/www.turystyka.lublin.eu\">www.turystyka.lublin.eu<\/a><\/h6>\t\t\t\t<\/div>\n\t\t\t\t<\/div>\n\t\t\t\t\t<\/div>\n\t\t<\/div>\n\t\t\t\t\t<\/div>\n\t\t<\/section>\n\t\t\t\t<section class=\"elementor-section elementor-top-section elementor-element elementor-element-19283aa elementor-section-boxed elementor-section-height-default elementor-section-height-default\" data-id=\"19283aa\" data-element_type=\"section\" data-settings=\"{&quot;_ha_eqh_enable&quot;:false}\">\n\t\t\t\t\t\t<div class=\"elementor-container elementor-column-gap-default\">\n\t\t\t\t\t<div class=\"elementor-column elementor-col-25 elementor-top-column elementor-element elementor-element-eb89e31\" data-id=\"eb89e31\" data-element_type=\"column\">\n\t\t\t<div class=\"elementor-widget-wrap elementor-element-populated\">\n\t\t\t\t\t\t<div class=\"elementor-element elementor-element-610f3f9b elementor-widget elementor-widget-heading\" data-id=\"610f3f9b\" data-element_type=\"widget\" data-widget_type=\"heading.default\">\n\t\t\t\t<div class=\"elementor-widget-container\">\n\t\t\t\t\t<h6 class=\"elementor-heading-title elementor-size-default\">Social media:<\/h6>\t\t\t\t<\/div>\n\t\t\t\t<\/div>\n\t\t\t\t\t<\/div>\n\t\t<\/div>\n\t\t\t\t<div class=\"elementor-column elementor-col-25 elementor-top-column elementor-element elementor-element-18bfc4b\" data-id=\"18bfc4b\" data-element_type=\"column\">\n\t\t\t<div class=\"elementor-widget-wrap elementor-element-populated\">\n\t\t\t\t\t\t<div class=\"elementor-element elementor-element-2f82e843 elementor-view-stacked elementor-shape-square elementor-widget elementor-widget-icon\" data-id=\"2f82e843\" data-element_type=\"widget\" data-widget_type=\"icon.default\">\n\t\t\t\t<div class=\"elementor-widget-container\">\n\t\t\t\t\t\t\t<div class=\"elementor-icon-wrapper\">\n\t\t\t<a class=\"elementor-icon\" href=\"https:\/\/www.facebook.com\/turystycznylublin\/\">\n\t\t\t<i aria-hidden=\"true\" class=\"fab fa-facebook-f\"><\/i>\t\t\t<\/a>\n\t\t<\/div>\n\t\t\t\t\t\t<\/div>\n\t\t\t\t<\/div>\n\t\t\t\t\t<\/div>\n\t\t<\/div>\n\t\t\t\t<div class=\"elementor-column elementor-col-25 elementor-top-column elementor-element elementor-element-b140b4b\" data-id=\"b140b4b\" data-element_type=\"column\">\n\t\t\t<div class=\"elementor-widget-wrap elementor-element-populated\">\n\t\t\t\t\t\t<div class=\"elementor-element elementor-element-61a1b083 elementor-view-stacked elementor-shape-square elementor-widget elementor-widget-icon\" data-id=\"61a1b083\" data-element_type=\"widget\" data-widget_type=\"icon.default\">\n\t\t\t\t<div class=\"elementor-widget-container\">\n\t\t\t\t\t\t\t<div class=\"elementor-icon-wrapper\">\n\t\t\t<a class=\"elementor-icon\" href=\"https:\/\/www.youtube.com\/channel\/UC7ALjgzz6oUurAOsgdKsN7A\/\">\n\t\t\t<i aria-hidden=\"true\" class=\"fab fa-youtube\"><\/i>\t\t\t<\/a>\n\t\t<\/div>\n\t\t\t\t\t\t<\/div>\n\t\t\t\t<\/div>\n\t\t\t\t\t<\/div>\n\t\t<\/div>\n\t\t\t\t<div class=\"elementor-column elementor-col-25 elementor-top-column elementor-element elementor-element-37af98f\" data-id=\"37af98f\" data-element_type=\"column\">\n\t\t\t<div class=\"elementor-widget-wrap elementor-element-populated\">\n\t\t\t\t\t\t<div class=\"elementor-element elementor-element-1566bf2 elementor-view-stacked elementor-shape-square elementor-widget elementor-widget-icon\" data-id=\"1566bf2\" data-element_type=\"widget\" data-widget_type=\"icon.default\">\n\t\t\t\t<div class=\"elementor-widget-container\">\n\t\t\t\t\t\t\t<div class=\"elementor-icon-wrapper\">\n\t\t\t<a class=\"elementor-icon\" href=\"https:\/\/www.instagram.com\/turystycznylublin\/\">\n\t\t\t<i aria-hidden=\"true\" class=\"fab fa-instagram\"><\/i>\t\t\t<\/a>\n\t\t<\/div>\n\t\t\t\t\t\t<\/div>\n\t\t\t\t<\/div>\n\t\t\t\t\t<\/div>\n\t\t<\/div>\n\t\t\t\t\t<\/div>\n\t\t<\/section>\n\t\t\t\t<section class=\"elementor-section elementor-top-section elementor-element elementor-element-5999b47e elementor-section-boxed elementor-section-height-default elementor-section-height-default\" data-id=\"5999b47e\" data-element_type=\"section\" data-settings=\"{&quot;_ha_eqh_enable&quot;:false}\">\n\t\t\t\t\t\t<div class=\"elementor-container elementor-column-gap-default\">\n\t\t\t\t\t<div class=\"elementor-column elementor-col-100 elementor-top-column elementor-element elementor-element-7d84929f\" data-id=\"7d84929f\" data-element_type=\"column\">\n\t\t\t<div class=\"elementor-widget-wrap elementor-element-populated\">\n\t\t\t\t\t\t<div data-ha-element-link=\"{&quot;url&quot;:&quot;#&quot;,&quot;is_external&quot;:&quot;&quot;,&quot;nofollow&quot;:&quot;&quot;}\" style=\"cursor: pointer\" class=\"elementor-element elementor-element-1d36e8e9 d2c-up elementor-widget elementor-widget-global elementor-global-1588 elementor-widget-heading\" data-id=\"1d36e8e9\" data-element_type=\"widget\" data-widget_type=\"heading.default\">\n\t\t\t\t<div class=\"elementor-widget-container\">\n\t\t\t\t\t<h5 class=\"elementor-heading-title elementor-size-default\"><a href=\"#\">go up<\/a><\/h5>\t\t\t\t<\/div>\n\t\t\t\t<\/div>\n\t\t\t\t\t<\/div>\n\t\t<\/div>\n\t\t\t\t\t<\/div>\n\t\t<\/section>\n\t\t\t\t<\/div>","protected":false},"excerpt":{"rendered":"<p>About us wr\u00f3\u0107 Tourism Development Bureau is a department of the Lublin City Hall, which cooperates with the local tourist industry &#8211; cultural institutions, foundations and associations, city guides, as well as representatives of accommodation and catering facilities, in order to develop the city&#8217;s tourist offer. The Bureau&#8217;s task is also to promote Lublin, as [&hellip;]<\/p>","protected":false},"author":4,"featured_media":6534,"parent":0,"menu_order":0,"comment_status":"closed","ping_status":"closed","template":"elementor_header_footer","meta":{"_acf_changed":false,"footnotes":""},"categories":[],"class_list":["post-6835","page","type-page","status-publish","has-post-thumbnail","hentry"],"acf":[],"yoast_head":"<!-- This site is optimized with the Yoast SEO plugin v26.5 - https:\/\/yoast.com\/wordpress\/plugins\/seo\/ -->\n<title>Tourism Development Office - Miasto Inspiracji<\/title>\n<meta name=\"description\" content=\"Lublin to prawdziwe Miasto Inspiracji. Poznaj Miejsca Inspiracji i sprawd\u017a, gdzie Przewodnicy Inspiracji poprowadz\u0105 ci\u0119, gdy trwa Sezon Lublin!\" \/>\n<meta name=\"robots\" content=\"index, follow, max-snippet:-1, max-image-preview:large, max-video-preview:-1\" \/>\n<link rel=\"canonical\" href=\"https:\/\/miastoinspiracji.lublin.eu\/en\/tourism-development-office\/\" \/>\n<meta property=\"og:locale\" content=\"en_GB\" \/>\n<meta property=\"og:type\" content=\"article\" \/>\n<meta property=\"og:title\" content=\"Tourism Development Office - Miasto Inspiracji\" \/>\n<meta property=\"og:description\" content=\"Lublin to prawdziwe Miasto Inspiracji. Poznaj Miejsca Inspiracji i sprawd\u017a, gdzie Przewodnicy Inspiracji poprowadz\u0105 ci\u0119, gdy trwa Sezon Lublin!\" \/>\n<meta property=\"og:url\" content=\"https:\/\/miastoinspiracji.lublin.eu\/en\/tourism-development-office\/\" \/>\n<meta property=\"og:site_name\" content=\"Miasto Inspiracji\" \/>\n<meta property=\"article:publisher\" content=\"https:\/\/www.facebook.com\/turystycznylublin\" \/>\n<meta property=\"article:modified_time\" content=\"2020-09-14T06:17:30+00:00\" \/>\n<meta property=\"og:image\" content=\"https:\/\/miastoinspiracji.lublin.eu\/wp-content\/uploads\/2020\/08\/Miasto_Pacewa_30-1024x576.png\" \/>\n\t<meta property=\"og:image:width\" content=\"1024\" \/>\n\t<meta property=\"og:image:height\" content=\"576\" \/>\n\t<meta property=\"og:image:type\" content=\"image\/png\" \/>\n<meta name=\"twitter:card\" content=\"summary_large_image\" \/>\n<meta name=\"twitter:site\" content=\"@miasto_lublin\" \/>\n<script type=\"application\/ld+json\" class=\"yoast-schema-graph\">{\"@context\":\"https:\/\/schema.org\",\"@graph\":[{\"@type\":\"WebPage\",\"@id\":\"https:\/\/miastoinspiracji.lublin.eu\/en\/tourism-development-office\/\",\"url\":\"https:\/\/miastoinspiracji.lublin.eu\/en\/tourism-development-office\/\",\"name\":\"Tourism Development Office - Miasto Inspiracji\",\"isPartOf\":{\"@id\":\"https:\/\/miastoinspiracji.lublin.eu\/en\/#website\"},\"primaryImageOfPage\":{\"@id\":\"https:\/\/miastoinspiracji.lublin.eu\/en\/tourism-development-office\/#primaryimage\"},\"image\":{\"@id\":\"https:\/\/miastoinspiracji.lublin.eu\/en\/tourism-development-office\/#primaryimage\"},\"thumbnailUrl\":\"https:\/\/miastoinspiracji.lublin.eu\/wp-content\/uploads\/2020\/08\/Miasto_Pacewa_30.png\",\"datePublished\":\"2020-09-04T08:57:24+00:00\",\"dateModified\":\"2020-09-14T06:17:30+00:00\",\"description\":\"Lublin to prawdziwe Miasto Inspiracji. Poznaj Miejsca Inspiracji i sprawd\u017a, gdzie Przewodnicy Inspiracji poprowadz\u0105 ci\u0119, gdy trwa Sezon Lublin!\",\"breadcrumb\":{\"@id\":\"https:\/\/miastoinspiracji.lublin.eu\/en\/tourism-development-office\/#breadcrumb\"},\"inLanguage\":\"en-GB\",\"potentialAction\":[{\"@type\":\"ReadAction\",\"target\":[\"https:\/\/miastoinspiracji.lublin.eu\/en\/tourism-development-office\/\"]}]},{\"@type\":\"ImageObject\",\"inLanguage\":\"en-GB\",\"@id\":\"https:\/\/miastoinspiracji.lublin.eu\/en\/tourism-development-office\/#primaryimage\",\"url\":\"https:\/\/miastoinspiracji.lublin.eu\/wp-content\/uploads\/2020\/08\/Miasto_Pacewa_30.png\",\"contentUrl\":\"https:\/\/miastoinspiracji.lublin.eu\/wp-content\/uploads\/2020\/08\/Miasto_Pacewa_30.png\",\"width\":2560,\"height\":1440,\"caption\":\"Stare Miasto w Lublinie noc\u0105, w trakcie Carnavalu Sztukmistrz\u00f3w\"},{\"@type\":\"BreadcrumbList\",\"@id\":\"https:\/\/miastoinspiracji.lublin.eu\/en\/tourism-development-office\/#breadcrumb\",\"itemListElement\":[{\"@type\":\"ListItem\",\"position\":1,\"name\":\"Strona g\u0142\u00f3wna\",\"item\":\"https:\/\/miastoinspiracji.lublin.eu\/\"},{\"@type\":\"ListItem\",\"position\":2,\"name\":\"Tourism Development Office\"}]},{\"@type\":\"WebSite\",\"@id\":\"https:\/\/miastoinspiracji.lublin.eu\/en\/#website\",\"url\":\"https:\/\/miastoinspiracji.lublin.eu\/en\/\",\"name\":\"Miasto Inspiracji\",\"description\":\"Programy inspiracji Miasta Lublin\",\"publisher\":{\"@id\":\"https:\/\/miastoinspiracji.lublin.eu\/en\/#organization\"},\"potentialAction\":[{\"@type\":\"SearchAction\",\"target\":{\"@type\":\"EntryPoint\",\"urlTemplate\":\"https:\/\/miastoinspiracji.lublin.eu\/en\/?s={search_term_string}\"},\"query-input\":{\"@type\":\"PropertyValueSpecification\",\"valueRequired\":true,\"valueName\":\"search_term_string\"}}],\"inLanguage\":\"en-GB\"},{\"@type\":\"Organization\",\"@id\":\"https:\/\/miastoinspiracji.lublin.eu\/en\/#organization\",\"name\":\"Urz\u0105d Miasta Lublin\",\"url\":\"https:\/\/miastoinspiracji.lublin.eu\/en\/\",\"logo\":{\"@type\":\"ImageObject\",\"inLanguage\":\"en-GB\",\"@id\":\"https:\/\/miastoinspiracji.lublin.eu\/en\/#\/schema\/logo\/image\/\",\"url\":\"https:\/\/miastoinspiracji.lublin.eu\/wp-content\/uploads\/2020\/08\/favicon.png\",\"contentUrl\":\"https:\/\/miastoinspiracji.lublin.eu\/wp-content\/uploads\/2020\/08\/favicon.png\",\"width\":512,\"height\":512,\"caption\":\"Urz\u0105d Miasta Lublin\"},\"image\":{\"@id\":\"https:\/\/miastoinspiracji.lublin.eu\/en\/#\/schema\/logo\/image\/\"},\"sameAs\":[\"https:\/\/www.facebook.com\/turystycznylublin\",\"https:\/\/x.com\/miasto_lublin\",\"https:\/\/www.instagram.com\/turystycznylublin\/\",\"https:\/\/www.linkedin.com\/company\/urzad-miasta-lublin\/\",\"https:\/\/www.youtube.com\/channel\/UC7ALjgzz6oUurAOsgdKsN7A\",\"https:\/\/pl.wikipedia.org\/wiki\/Lublin\"]}]}<\/script>\n<!-- \/ Yoast SEO plugin. -->","yoast_head_json":{"title":"Tourism Development Office - Miasto Inspiracji","description":"Lublin to prawdziwe Miasto Inspiracji. Poznaj Miejsca Inspiracji i sprawd\u017a, gdzie Przewodnicy Inspiracji poprowadz\u0105 ci\u0119, gdy trwa Sezon Lublin!","robots":{"index":"index","follow":"follow","max-snippet":"max-snippet:-1","max-image-preview":"max-image-preview:large","max-video-preview":"max-video-preview:-1"},"canonical":"https:\/\/miastoinspiracji.lublin.eu\/en\/tourism-development-office\/","og_locale":"en_GB","og_type":"article","og_title":"Tourism Development Office - Miasto Inspiracji","og_description":"Lublin to prawdziwe Miasto Inspiracji. Poznaj Miejsca Inspiracji i sprawd\u017a, gdzie Przewodnicy Inspiracji poprowadz\u0105 ci\u0119, gdy trwa Sezon Lublin!","og_url":"https:\/\/miastoinspiracji.lublin.eu\/en\/tourism-development-office\/","og_site_name":"Miasto Inspiracji","article_publisher":"https:\/\/www.facebook.com\/turystycznylublin","article_modified_time":"2020-09-14T06:17:30+00:00","og_image":[{"width":1024,"height":576,"url":"https:\/\/miastoinspiracji.lublin.eu\/wp-content\/uploads\/2020\/08\/Miasto_Pacewa_30-1024x576.png","type":"image\/png"}],"twitter_card":"summary_large_image","twitter_site":"@miasto_lublin","schema":{"@context":"https:\/\/schema.org","@graph":[{"@type":"WebPage","@id":"https:\/\/miastoinspiracji.lublin.eu\/en\/tourism-development-office\/","url":"https:\/\/miastoinspiracji.lublin.eu\/en\/tourism-development-office\/","name":"Tourism Development Office - Miasto Inspiracji","isPartOf":{"@id":"https:\/\/miastoinspiracji.lublin.eu\/en\/#website"},"primaryImageOfPage":{"@id":"https:\/\/miastoinspiracji.lublin.eu\/en\/tourism-development-office\/#primaryimage"},"image":{"@id":"https:\/\/miastoinspiracji.lublin.eu\/en\/tourism-development-office\/#primaryimage"},"thumbnailUrl":"https:\/\/miastoinspiracji.lublin.eu\/wp-content\/uploads\/2020\/08\/Miasto_Pacewa_30.png","datePublished":"2020-09-04T08:57:24+00:00","dateModified":"2020-09-14T06:17:30+00:00","description":"Lublin to prawdziwe Miasto Inspiracji. Poznaj Miejsca Inspiracji i sprawd\u017a, gdzie Przewodnicy Inspiracji poprowadz\u0105 ci\u0119, gdy trwa Sezon Lublin!","breadcrumb":{"@id":"https:\/\/miastoinspiracji.lublin.eu\/en\/tourism-development-office\/#breadcrumb"},"inLanguage":"en-GB","potentialAction":[{"@type":"ReadAction","target":["https:\/\/miastoinspiracji.lublin.eu\/en\/tourism-development-office\/"]}]},{"@type":"ImageObject","inLanguage":"en-GB","@id":"https:\/\/miastoinspiracji.lublin.eu\/en\/tourism-development-office\/#primaryimage","url":"https:\/\/miastoinspiracji.lublin.eu\/wp-content\/uploads\/2020\/08\/Miasto_Pacewa_30.png","contentUrl":"https:\/\/miastoinspiracji.lublin.eu\/wp-content\/uploads\/2020\/08\/Miasto_Pacewa_30.png","width":2560,"height":1440,"caption":"Stare Miasto w Lublinie noc\u0105, w trakcie Carnavalu Sztukmistrz\u00f3w"},{"@type":"BreadcrumbList","@id":"https:\/\/miastoinspiracji.lublin.eu\/en\/tourism-development-office\/#breadcrumb","itemListElement":[{"@type":"ListItem","position":1,"name":"Strona g\u0142\u00f3wna","item":"https:\/\/miastoinspiracji.lublin.eu\/"},{"@type":"ListItem","position":2,"name":"Tourism Development Office"}]},{"@type":"WebSite","@id":"https:\/\/miastoinspiracji.lublin.eu\/en\/#website","url":"https:\/\/miastoinspiracji.lublin.eu\/en\/","name":"Miasto Inspiracji","description":"Programy inspiracji Miasta Lublin","publisher":{"@id":"https:\/\/miastoinspiracji.lublin.eu\/en\/#organization"},"potentialAction":[{"@type":"SearchAction","target":{"@type":"EntryPoint","urlTemplate":"https:\/\/miastoinspiracji.lublin.eu\/en\/?s={search_term_string}"},"query-input":{"@type":"PropertyValueSpecification","valueRequired":true,"valueName":"search_term_string"}}],"inLanguage":"en-GB"},{"@type":"Organization","@id":"https:\/\/miastoinspiracji.lublin.eu\/en\/#organization","name":"Urz\u0105d Miasta Lublin","url":"https:\/\/miastoinspiracji.lublin.eu\/en\/","logo":{"@type":"ImageObject","inLanguage":"en-GB","@id":"https:\/\/miastoinspiracji.lublin.eu\/en\/#\/schema\/logo\/image\/","url":"https:\/\/miastoinspiracji.lublin.eu\/wp-content\/uploads\/2020\/08\/favicon.png","contentUrl":"https:\/\/miastoinspiracji.lublin.eu\/wp-content\/uploads\/2020\/08\/favicon.png","width":512,"height":512,"caption":"Urz\u0105d Miasta Lublin"},"image":{"@id":"https:\/\/miastoinspiracji.lublin.eu\/en\/#\/schema\/logo\/image\/"},"sameAs":["https:\/\/www.facebook.com\/turystycznylublin","https:\/\/x.com\/miasto_lublin","https:\/\/www.instagram.com\/turystycznylublin\/","https:\/\/www.linkedin.com\/company\/urzad-miasta-lublin\/","https:\/\/www.youtube.com\/channel\/UC7ALjgzz6oUurAOsgdKsN7A","https:\/\/pl.wikipedia.org\/wiki\/Lublin"]}]}},"_links":{"self":[{"href":"https:\/\/miastoinspiracji.lublin.eu\/en\/wp-json\/wp\/v2\/pages\/6835","targetHints":{"allow":["GET"]}}],"collection":[{"href":"https:\/\/miastoinspiracji.lublin.eu\/en\/wp-json\/wp\/v2\/pages"}],"about":[{"href":"https:\/\/miastoinspiracji.lublin.eu\/en\/wp-json\/wp\/v2\/types\/page"}],"author":[{"embeddable":true,"href":"https:\/\/miastoinspiracji.lublin.eu\/en\/wp-json\/wp\/v2\/users\/4"}],"replies":[{"embeddable":true,"href":"https:\/\/miastoinspiracji.lublin.eu\/en\/wp-json\/wp\/v2\/comments?post=6835"}],"version-history":[{"count":4,"href":"https:\/\/miastoinspiracji.lublin.eu\/en\/wp-json\/wp\/v2\/pages\/6835\/revisions"}],"predecessor-version":[{"id":8595,"href":"https:\/\/miastoinspiracji.lublin.eu\/en\/wp-json\/wp\/v2\/pages\/6835\/revisions\/8595"}],"wp:featuredmedia":[{"embeddable":true,"href":"https:\/\/miastoinspiracji.lublin.eu\/en\/wp-json\/wp\/v2\/media\/6534"}],"wp:attachment":[{"href":"https:\/\/miastoinspiracji.lublin.eu\/en\/wp-json\/wp\/v2\/media?parent=6835"}],"wp:term":[{"taxonomy":"category","embeddable":true,"href":"https:\/\/miastoinspiracji.lublin.eu\/en\/wp-json\/wp\/v2\/categories?post=6835"}],"curies":[{"name":"wp","href":"https:\/\/api.w.org\/{rel}","templated":true}]}}