{"id":6904,"date":"2020-09-04T09:18:00","date_gmt":"2020-09-04T09:18:00","guid":{"rendered":"https:\/\/miastoinspiracji.lublin.eu\/idea\/"},"modified":"2020-09-11T10:09:37","modified_gmt":"2020-09-11T10:09:37","slug":"idea","status":"publish","type":"page","link":"https:\/\/miastoinspiracji.lublin.eu\/en\/guides-of-inspiration\/idea\/","title":{"rendered":"Idea"},"content":{"rendered":"<div data-elementor-type=\"wp-page\" data-elementor-id=\"6904\" class=\"elementor elementor-6904\" data-elementor-settings=\"{&quot;ha_cmc_init_switcher&quot;:&quot;no&quot;}\" data-elementor-post-type=\"page\">\n\t\t\t\t\t\t<section class=\"elementor-section elementor-top-section elementor-element elementor-element-2141842a elementor-section-full_width elementor-section-height-default elementor-section-height-default\" data-id=\"2141842a\" data-element_type=\"section\" data-settings=\"{&quot;_ha_eqh_enable&quot;:false}\">\n\t\t\t\t\t\t<div class=\"elementor-container elementor-column-gap-default\">\n\t\t\t\t\t<div class=\"elementor-column elementor-col-100 elementor-top-column elementor-element elementor-element-266e956d\" data-id=\"266e956d\" data-element_type=\"column\" data-settings=\"{&quot;background_background&quot;:&quot;classic&quot;}\">\n\t\t\t<div class=\"elementor-widget-wrap elementor-element-populated\">\n\t\t\t\t\t<div class=\"elementor-background-overlay\"><\/div>\n\t\t\t\t\t\t<div class=\"elementor-element elementor-element-7f65f646 elementor-widget elementor-widget-heading\" data-id=\"7f65f646\" data-element_type=\"widget\" data-widget_type=\"heading.default\">\n\t\t\t\t<div class=\"elementor-widget-container\">\n\t\t\t\t\t<h1 class=\"elementor-heading-title elementor-size-xxl\">Idea<\/h1>\t\t\t\t<\/div>\n\t\t\t\t<\/div>\n\t\t\t\t\t<\/div>\n\t\t<\/div>\n\t\t\t\t\t<\/div>\n\t\t<\/section>\n\t\t\t\t<section class=\"elementor-section elementor-top-section elementor-element elementor-element-7146c6a8 elementor-section-content-middle elementor-reverse-mobile elementor-section-boxed elementor-section-height-default elementor-section-height-default\" data-id=\"7146c6a8\" data-element_type=\"section\" data-settings=\"{&quot;background_background&quot;:&quot;classic&quot;,&quot;_ha_eqh_enable&quot;:false}\">\n\t\t\t\t\t\t<div class=\"elementor-container elementor-column-gap-default\">\n\t\t\t\t\t<div class=\"elementor-column elementor-col-50 elementor-top-column elementor-element elementor-element-3f1c54e3\" data-id=\"3f1c54e3\" data-element_type=\"column\">\n\t\t\t<div class=\"elementor-widget-wrap elementor-element-populated\">\n\t\t\t\t\t\t<div class=\"elementor-element elementor-element-7ff480c6 elementor-widget elementor-widget-heading\" data-id=\"7ff480c6\" data-element_type=\"widget\" data-widget_type=\"heading.default\">\n\t\t\t\t<div class=\"elementor-widget-container\">\n\t\t\t\t\t<h2 class=\"elementor-heading-title elementor-size-default\">Idea of the Programme<\/h2>\t\t\t\t<\/div>\n\t\t\t\t<\/div>\n\t\t\t\t\t<\/div>\n\t\t<\/div>\n\t\t\t\t<div class=\"elementor-column elementor-col-50 elementor-top-column elementor-element elementor-element-24b1c75a\" data-id=\"24b1c75a\" data-element_type=\"column\">\n\t\t\t<div class=\"elementor-widget-wrap elementor-element-populated\">\n\t\t\t\t\t\t<div class=\"elementor-element elementor-element-60c3718a d2c-back elementor-absolute elementor-widget elementor-widget-global elementor-global-1591 elementor-widget-heading\" data-id=\"60c3718a\" data-element_type=\"widget\" data-settings=\"{&quot;_position&quot;:&quot;absolute&quot;}\" data-widget_type=\"heading.default\">\n\t\t\t\t<div class=\"elementor-widget-container\">\n\t\t\t\t\t<h5 class=\"elementor-heading-title elementor-size-default\"><a href=\"#\">go back<\/a><\/h5>\t\t\t\t<\/div>\n\t\t\t\t<\/div>\n\t\t\t\t\t<\/div>\n\t\t<\/div>\n\t\t\t\t\t<\/div>\n\t\t<\/section>\n\t\t\t\t<section class=\"elementor-section elementor-top-section elementor-element elementor-element-172e8232 elementor-section-boxed elementor-section-height-default elementor-section-height-default\" data-id=\"172e8232\" data-element_type=\"section\" data-settings=\"{&quot;_ha_eqh_enable&quot;:false}\">\n\t\t\t\t\t\t<div class=\"elementor-container elementor-column-gap-default\">\n\t\t\t\t\t<div class=\"elementor-column elementor-col-100 elementor-top-column elementor-element elementor-element-280b1caa\" data-id=\"280b1caa\" data-element_type=\"column\">\n\t\t\t<div class=\"elementor-widget-wrap elementor-element-populated\">\n\t\t\t\t\t\t<div class=\"elementor-element elementor-element-556e57ba elementor-widget elementor-widget-text-editor\" data-id=\"556e57ba\" data-element_type=\"widget\" data-widget_type=\"text-editor.default\">\n\t\t\t\t<div class=\"elementor-widget-container\">\n\t\t\t\t\t\t\t\t\t<p><span style=\"font-weight: 400;\">You can discover Lublin in many ways! On foot, by bike or on a scooter, on your own, with a map or an app. We have also created the Guide of Inspiration Programme, especially for you. Guides of Inspiration will show you Lublin and inspire you to continue discovering it. Professional, interesting and passionate!<\/span><\/p>\n\t\t\t\t\t\t\t\t<\/div>\n\t\t\t\t<\/div>\n\t\t\t\t<section class=\"elementor-section elementor-inner-section elementor-element elementor-element-204252d0 elementor-section-boxed elementor-section-height-default elementor-section-height-default\" data-id=\"204252d0\" data-element_type=\"section\" data-settings=\"{&quot;_ha_eqh_enable&quot;:false}\">\n\t\t\t\t\t\t<div class=\"elementor-container elementor-column-gap-default\">\n\t\t\t\t\t<div class=\"elementor-column elementor-col-50 elementor-inner-column elementor-element elementor-element-d50122e\" data-id=\"d50122e\" data-element_type=\"column\">\n\t\t\t<div class=\"elementor-widget-wrap elementor-element-populated\">\n\t\t\t\t\t\t<div class=\"elementor-element elementor-element-5042470 elementor-widget elementor-widget-image\" data-id=\"5042470\" data-element_type=\"widget\" data-widget_type=\"image.default\">\n\t\t\t\t<div class=\"elementor-widget-container\">\n\t\t\t\t\t\t\t\t\t\t\t\t\t\t\t<img fetchpriority=\"high\" decoding=\"async\" width=\"1920\" height=\"1280\" src=\"https:\/\/miastoinspiracji.lublin.eu\/wp-content\/uploads\/2020\/08\/Foto_2.jpg\" class=\"attachment-full size-full wp-image-6257\" alt=\"Kamienice Starego Miasta za dnia\" srcset=\"https:\/\/miastoinspiracji.lublin.eu\/wp-content\/uploads\/2020\/08\/Foto_2.jpg 1920w, https:\/\/miastoinspiracji.lublin.eu\/wp-content\/uploads\/2020\/08\/Foto_2-300x200.jpg 300w, https:\/\/miastoinspiracji.lublin.eu\/wp-content\/uploads\/2020\/08\/Foto_2-1024x683.jpg 1024w, https:\/\/miastoinspiracji.lublin.eu\/wp-content\/uploads\/2020\/08\/Foto_2-768x512.jpg 768w, https:\/\/miastoinspiracji.lublin.eu\/wp-content\/uploads\/2020\/08\/Foto_2-1536x1024.jpg 1536w\" sizes=\"(max-width: 1920px) 100vw, 1920px\" \/>\t\t\t\t\t\t\t\t\t\t\t\t\t\t\t<\/div>\n\t\t\t\t<\/div>\n\t\t\t\t\t<\/div>\n\t\t<\/div>\n\t\t\t\t<div class=\"elementor-column elementor-col-50 elementor-inner-column elementor-element elementor-element-2e9bf408\" data-id=\"2e9bf408\" data-element_type=\"column\">\n\t\t\t<div class=\"elementor-widget-wrap elementor-element-populated\">\n\t\t\t\t\t\t<div class=\"elementor-element elementor-element-c6dc935 elementor-widget elementor-widget-text-editor\" data-id=\"c6dc935\" data-element_type=\"widget\" data-widget_type=\"text-editor.default\">\n\t\t\t\t<div class=\"elementor-widget-container\">\n\t\t\t\t\t\t\t\t\t<p>What are the pros of choosing a walk with the Guide of Inspiration?<\/p>\n<ul>\n<li>Access to a wide range of themed walks gathered in one place;<\/li>\n<li>the opportunity to book your walk before you arrive in town. Use the contact form or call the guide to find out more;<\/li>\n<li>a high-level guide service.<\/li>\n<\/ul>\n\t\t\t\t\t\t\t\t<\/div>\n\t\t\t\t<\/div>\n\t\t\t\t\t<\/div>\n\t\t<\/div>\n\t\t\t\t\t<\/div>\n\t\t<\/section>\n\t\t\t\t\t<\/div>\n\t\t<\/div>\n\t\t\t\t\t<\/div>\n\t\t<\/section>\n\t\t\t\t<section class=\"elementor-section elementor-top-section elementor-element elementor-element-3b450cea elementor-section-boxed elementor-section-height-default elementor-section-height-default\" data-id=\"3b450cea\" data-element_type=\"section\" data-settings=\"{&quot;_ha_eqh_enable&quot;:false}\">\n\t\t\t\t\t\t<div class=\"elementor-container elementor-column-gap-default\">\n\t\t\t\t\t<div class=\"elementor-column elementor-col-100 elementor-top-column elementor-element elementor-element-4894c7d9\" data-id=\"4894c7d9\" data-element_type=\"column\">\n\t\t\t<div class=\"elementor-widget-wrap elementor-element-populated\">\n\t\t\t\t\t\t<div class=\"elementor-element elementor-element-184d3196 elementor-widget elementor-widget-text-editor\" data-id=\"184d3196\" data-element_type=\"widget\" data-widget_type=\"text-editor.default\">\n\t\t\t\t<div class=\"elementor-widget-container\">\n\t\t\t\t\t\t\t\t\t<p>Check out our Guides of Inspiration for original and unusual walks. Get to know no longer existing Lublin, discover the signs of heritage and history, hear about famous people connected with the city, visit less obvious backstreets and gates, listen to many legends and taste Lublin cuisine. Together with the Guide, you will get to know the city better&#8230;<\/p>\n<p>Let&#8217;s go for a walk!<\/p>\n\t\t\t\t\t\t\t\t<\/div>\n\t\t\t\t<\/div>\n\t\t\t\t\t<\/div>\n\t\t<\/div>\n\t\t\t\t\t<\/div>\n\t\t<\/section>\n\t\t\t\t<section class=\"elementor-section elementor-top-section elementor-element elementor-element-96bd782 elementor-section-boxed elementor-section-height-default elementor-section-height-default\" data-id=\"96bd782\" data-element_type=\"section\" data-settings=\"{&quot;_ha_eqh_enable&quot;:false}\">\n\t\t\t\t\t\t<div class=\"elementor-container elementor-column-gap-default\">\n\t\t\t\t\t<div class=\"elementor-column elementor-col-100 elementor-top-column elementor-element elementor-element-64db703\" data-id=\"64db703\" data-element_type=\"column\">\n\t\t\t<div class=\"elementor-widget-wrap elementor-element-populated\">\n\t\t\t\t\t\t<div data-ha-element-link=\"{&quot;url&quot;:&quot;#&quot;,&quot;is_external&quot;:&quot;&quot;,&quot;nofollow&quot;:&quot;&quot;}\" style=\"cursor: pointer\" class=\"elementor-element elementor-element-22be2f6e d2c-up elementor-widget elementor-widget-global elementor-global-1588 elementor-widget-heading\" data-id=\"22be2f6e\" data-element_type=\"widget\" data-widget_type=\"heading.default\">\n\t\t\t\t<div class=\"elementor-widget-container\">\n\t\t\t\t\t<h5 class=\"elementor-heading-title elementor-size-default\"><a href=\"#\">go up<\/a><\/h5>\t\t\t\t<\/div>\n\t\t\t\t<\/div>\n\t\t\t\t\t<\/div>\n\t\t<\/div>\n\t\t\t\t\t<\/div>\n\t\t<\/section>\n\t\t\t\t<\/div>","protected":false},"excerpt":{"rendered":"<p>Idea of the Programme wr\u00f3\u0107 You can discover Lublin in many ways! On foot, by bike or on a scooter, on your own, with a map or an app. We have also created the Guide of Inspiration Programme, especially for you. Guides of Inspiration will show you Lublin and inspire you to continue discovering it. [&hellip;]<\/p>","protected":false},"author":1,"featured_media":6259,"parent":0,"menu_order":0,"comment_status":"closed","ping_status":"closed","template":"elementor_header_footer","meta":{"_acf_changed":false,"footnotes":""},"categories":[115],"class_list":["post-6904","page","type-page","status-publish","has-post-thumbnail","hentry","category-guides-of-inspiration"],"acf":[],"yoast_head":"<!-- This site is optimized with the Yoast SEO plugin v26.5 - https:\/\/yoast.com\/wordpress\/plugins\/seo\/ -->\n<title>Idea - Miasto Inspiracji<\/title>\n<meta name=\"description\" content=\"Lublin to prawdziwe Miasto Inspiracji. Poznaj Miejsca Inspiracji i sprawd\u017a, gdzie Przewodnicy Inspiracji poprowadz\u0105 ci\u0119, gdy trwa Sezon Lublin!\" \/>\n<meta name=\"robots\" content=\"index, follow, max-snippet:-1, max-image-preview:large, max-video-preview:-1\" \/>\n<link rel=\"canonical\" href=\"https:\/\/miastoinspiracji.lublin.eu\/en\/guides-of-inspiration\/idea\/\" \/>\n<meta property=\"og:locale\" content=\"en_GB\" \/>\n<meta property=\"og:type\" content=\"article\" \/>\n<meta property=\"og:title\" content=\"Idea - Miasto Inspiracji\" \/>\n<meta property=\"og:description\" content=\"Lublin to prawdziwe Miasto Inspiracji. Poznaj Miejsca Inspiracji i sprawd\u017a, gdzie Przewodnicy Inspiracji poprowadz\u0105 ci\u0119, gdy trwa Sezon Lublin!\" \/>\n<meta property=\"og:url\" content=\"https:\/\/miastoinspiracji.lublin.eu\/en\/guides-of-inspiration\/idea\/\" \/>\n<meta property=\"og:site_name\" content=\"Miasto Inspiracji\" \/>\n<meta property=\"article:publisher\" content=\"https:\/\/www.facebook.com\/turystycznylublin\" \/>\n<meta property=\"article:modified_time\" content=\"2020-09-11T10:09:37+00:00\" \/>\n<meta property=\"og:image\" content=\"https:\/\/miastoinspiracji.lublin.eu\/wp-content\/uploads\/2020\/08\/Przewodnik-scaled.jpg\" \/>\n\t<meta property=\"og:image:width\" content=\"2560\" \/>\n\t<meta property=\"og:image:height\" content=\"667\" \/>\n\t<meta property=\"og:image:type\" content=\"image\/jpeg\" \/>\n<meta name=\"twitter:card\" content=\"summary_large_image\" \/>\n<meta name=\"twitter:site\" content=\"@miasto_lublin\" \/>\n<meta name=\"twitter:label1\" content=\"Estimated reading time\" \/>\n\t<meta name=\"twitter:data1\" content=\"1 minute\" \/>\n<script type=\"application\/ld+json\" class=\"yoast-schema-graph\">{\"@context\":\"https:\/\/schema.org\",\"@graph\":[{\"@type\":\"WebPage\",\"@id\":\"https:\/\/miastoinspiracji.lublin.eu\/en\/guides-of-inspiration\/idea\/\",\"url\":\"https:\/\/miastoinspiracji.lublin.eu\/en\/guides-of-inspiration\/idea\/\",\"name\":\"Idea - Miasto Inspiracji\",\"isPartOf\":{\"@id\":\"https:\/\/miastoinspiracji.lublin.eu\/en\/#website\"},\"primaryImageOfPage\":{\"@id\":\"https:\/\/miastoinspiracji.lublin.eu\/en\/guides-of-inspiration\/idea\/#primaryimage\"},\"image\":{\"@id\":\"https:\/\/miastoinspiracji.lublin.eu\/en\/guides-of-inspiration\/idea\/#primaryimage\"},\"thumbnailUrl\":\"https:\/\/miastoinspiracji.lublin.eu\/wp-content\/uploads\/2020\/08\/Przewodnik-scaled.jpg\",\"datePublished\":\"2020-09-04T09:18:00+00:00\",\"dateModified\":\"2020-09-11T10:09:37+00:00\",\"description\":\"Lublin to prawdziwe Miasto Inspiracji. Poznaj Miejsca Inspiracji i sprawd\u017a, gdzie Przewodnicy Inspiracji poprowadz\u0105 ci\u0119, gdy trwa Sezon Lublin!\",\"breadcrumb\":{\"@id\":\"https:\/\/miastoinspiracji.lublin.eu\/en\/guides-of-inspiration\/idea\/#breadcrumb\"},\"inLanguage\":\"en-GB\",\"potentialAction\":[{\"@type\":\"ReadAction\",\"target\":[\"https:\/\/miastoinspiracji.lublin.eu\/en\/guides-of-inspiration\/idea\/\"]}]},{\"@type\":\"ImageObject\",\"inLanguage\":\"en-GB\",\"@id\":\"https:\/\/miastoinspiracji.lublin.eu\/en\/guides-of-inspiration\/idea\/#primaryimage\",\"url\":\"https:\/\/miastoinspiracji.lublin.eu\/wp-content\/uploads\/2020\/08\/Przewodnik-scaled.jpg\",\"contentUrl\":\"https:\/\/miastoinspiracji.lublin.eu\/wp-content\/uploads\/2020\/08\/Przewodnik-scaled.jpg\",\"width\":2560,\"height\":667,\"caption\":\"Logo Przewodnik Inspiracji\"},{\"@type\":\"BreadcrumbList\",\"@id\":\"https:\/\/miastoinspiracji.lublin.eu\/en\/guides-of-inspiration\/idea\/#breadcrumb\",\"itemListElement\":[{\"@type\":\"ListItem\",\"position\":1,\"name\":\"Strona g\u0142\u00f3wna\",\"item\":\"https:\/\/miastoinspiracji.lublin.eu\/\"},{\"@type\":\"ListItem\",\"position\":2,\"name\":\"Idea\"}]},{\"@type\":\"WebSite\",\"@id\":\"https:\/\/miastoinspiracji.lublin.eu\/en\/#website\",\"url\":\"https:\/\/miastoinspiracji.lublin.eu\/en\/\",\"name\":\"Miasto Inspiracji\",\"description\":\"Programy inspiracji Miasta Lublin\",\"publisher\":{\"@id\":\"https:\/\/miastoinspiracji.lublin.eu\/en\/#organization\"},\"potentialAction\":[{\"@type\":\"SearchAction\",\"target\":{\"@type\":\"EntryPoint\",\"urlTemplate\":\"https:\/\/miastoinspiracji.lublin.eu\/en\/?s={search_term_string}\"},\"query-input\":{\"@type\":\"PropertyValueSpecification\",\"valueRequired\":true,\"valueName\":\"search_term_string\"}}],\"inLanguage\":\"en-GB\"},{\"@type\":\"Organization\",\"@id\":\"https:\/\/miastoinspiracji.lublin.eu\/en\/#organization\",\"name\":\"Urz\u0105d Miasta Lublin\",\"url\":\"https:\/\/miastoinspiracji.lublin.eu\/en\/\",\"logo\":{\"@type\":\"ImageObject\",\"inLanguage\":\"en-GB\",\"@id\":\"https:\/\/miastoinspiracji.lublin.eu\/en\/#\/schema\/logo\/image\/\",\"url\":\"https:\/\/miastoinspiracji.lublin.eu\/wp-content\/uploads\/2020\/08\/favicon.png\",\"contentUrl\":\"https:\/\/miastoinspiracji.lublin.eu\/wp-content\/uploads\/2020\/08\/favicon.png\",\"width\":512,\"height\":512,\"caption\":\"Urz\u0105d Miasta Lublin\"},\"image\":{\"@id\":\"https:\/\/miastoinspiracji.lublin.eu\/en\/#\/schema\/logo\/image\/\"},\"sameAs\":[\"https:\/\/www.facebook.com\/turystycznylublin\",\"https:\/\/x.com\/miasto_lublin\",\"https:\/\/www.instagram.com\/turystycznylublin\/\",\"https:\/\/www.linkedin.com\/company\/urzad-miasta-lublin\/\",\"https:\/\/www.youtube.com\/channel\/UC7ALjgzz6oUurAOsgdKsN7A\",\"https:\/\/pl.wikipedia.org\/wiki\/Lublin\"]}]}<\/script>\n<!-- \/ Yoast SEO plugin. -->","yoast_head_json":{"title":"Idea - Miasto Inspiracji","description":"Lublin to prawdziwe Miasto Inspiracji. Poznaj Miejsca Inspiracji i sprawd\u017a, gdzie Przewodnicy Inspiracji poprowadz\u0105 ci\u0119, gdy trwa Sezon Lublin!","robots":{"index":"index","follow":"follow","max-snippet":"max-snippet:-1","max-image-preview":"max-image-preview:large","max-video-preview":"max-video-preview:-1"},"canonical":"https:\/\/miastoinspiracji.lublin.eu\/en\/guides-of-inspiration\/idea\/","og_locale":"en_GB","og_type":"article","og_title":"Idea - Miasto Inspiracji","og_description":"Lublin to prawdziwe Miasto Inspiracji. Poznaj Miejsca Inspiracji i sprawd\u017a, gdzie Przewodnicy Inspiracji poprowadz\u0105 ci\u0119, gdy trwa Sezon Lublin!","og_url":"https:\/\/miastoinspiracji.lublin.eu\/en\/guides-of-inspiration\/idea\/","og_site_name":"Miasto Inspiracji","article_publisher":"https:\/\/www.facebook.com\/turystycznylublin","article_modified_time":"2020-09-11T10:09:37+00:00","og_image":[{"width":2560,"height":667,"url":"https:\/\/miastoinspiracji.lublin.eu\/wp-content\/uploads\/2020\/08\/Przewodnik-scaled.jpg","type":"image\/jpeg"}],"twitter_card":"summary_large_image","twitter_site":"@miasto_lublin","twitter_misc":{"Estimated reading time":"1 minute"},"schema":{"@context":"https:\/\/schema.org","@graph":[{"@type":"WebPage","@id":"https:\/\/miastoinspiracji.lublin.eu\/en\/guides-of-inspiration\/idea\/","url":"https:\/\/miastoinspiracji.lublin.eu\/en\/guides-of-inspiration\/idea\/","name":"Idea - Miasto Inspiracji","isPartOf":{"@id":"https:\/\/miastoinspiracji.lublin.eu\/en\/#website"},"primaryImageOfPage":{"@id":"https:\/\/miastoinspiracji.lublin.eu\/en\/guides-of-inspiration\/idea\/#primaryimage"},"image":{"@id":"https:\/\/miastoinspiracji.lublin.eu\/en\/guides-of-inspiration\/idea\/#primaryimage"},"thumbnailUrl":"https:\/\/miastoinspiracji.lublin.eu\/wp-content\/uploads\/2020\/08\/Przewodnik-scaled.jpg","datePublished":"2020-09-04T09:18:00+00:00","dateModified":"2020-09-11T10:09:37+00:00","description":"Lublin to prawdziwe Miasto Inspiracji. Poznaj Miejsca Inspiracji i sprawd\u017a, gdzie Przewodnicy Inspiracji poprowadz\u0105 ci\u0119, gdy trwa Sezon Lublin!","breadcrumb":{"@id":"https:\/\/miastoinspiracji.lublin.eu\/en\/guides-of-inspiration\/idea\/#breadcrumb"},"inLanguage":"en-GB","potentialAction":[{"@type":"ReadAction","target":["https:\/\/miastoinspiracji.lublin.eu\/en\/guides-of-inspiration\/idea\/"]}]},{"@type":"ImageObject","inLanguage":"en-GB","@id":"https:\/\/miastoinspiracji.lublin.eu\/en\/guides-of-inspiration\/idea\/#primaryimage","url":"https:\/\/miastoinspiracji.lublin.eu\/wp-content\/uploads\/2020\/08\/Przewodnik-scaled.jpg","contentUrl":"https:\/\/miastoinspiracji.lublin.eu\/wp-content\/uploads\/2020\/08\/Przewodnik-scaled.jpg","width":2560,"height":667,"caption":"Logo Przewodnik Inspiracji"},{"@type":"BreadcrumbList","@id":"https:\/\/miastoinspiracji.lublin.eu\/en\/guides-of-inspiration\/idea\/#breadcrumb","itemListElement":[{"@type":"ListItem","position":1,"name":"Strona g\u0142\u00f3wna","item":"https:\/\/miastoinspiracji.lublin.eu\/"},{"@type":"ListItem","position":2,"name":"Idea"}]},{"@type":"WebSite","@id":"https:\/\/miastoinspiracji.lublin.eu\/en\/#website","url":"https:\/\/miastoinspiracji.lublin.eu\/en\/","name":"Miasto Inspiracji","description":"Programy inspiracji Miasta Lublin","publisher":{"@id":"https:\/\/miastoinspiracji.lublin.eu\/en\/#organization"},"potentialAction":[{"@type":"SearchAction","target":{"@type":"EntryPoint","urlTemplate":"https:\/\/miastoinspiracji.lublin.eu\/en\/?s={search_term_string}"},"query-input":{"@type":"PropertyValueSpecification","valueRequired":true,"valueName":"search_term_string"}}],"inLanguage":"en-GB"},{"@type":"Organization","@id":"https:\/\/miastoinspiracji.lublin.eu\/en\/#organization","name":"Urz\u0105d Miasta Lublin","url":"https:\/\/miastoinspiracji.lublin.eu\/en\/","logo":{"@type":"ImageObject","inLanguage":"en-GB","@id":"https:\/\/miastoinspiracji.lublin.eu\/en\/#\/schema\/logo\/image\/","url":"https:\/\/miastoinspiracji.lublin.eu\/wp-content\/uploads\/2020\/08\/favicon.png","contentUrl":"https:\/\/miastoinspiracji.lublin.eu\/wp-content\/uploads\/2020\/08\/favicon.png","width":512,"height":512,"caption":"Urz\u0105d Miasta Lublin"},"image":{"@id":"https:\/\/miastoinspiracji.lublin.eu\/en\/#\/schema\/logo\/image\/"},"sameAs":["https:\/\/www.facebook.com\/turystycznylublin","https:\/\/x.com\/miasto_lublin","https:\/\/www.instagram.com\/turystycznylublin\/","https:\/\/www.linkedin.com\/company\/urzad-miasta-lublin\/","https:\/\/www.youtube.com\/channel\/UC7ALjgzz6oUurAOsgdKsN7A","https:\/\/pl.wikipedia.org\/wiki\/Lublin"]}]}},"_links":{"self":[{"href":"https:\/\/miastoinspiracji.lublin.eu\/en\/wp-json\/wp\/v2\/pages\/6904","targetHints":{"allow":["GET"]}}],"collection":[{"href":"https:\/\/miastoinspiracji.lublin.eu\/en\/wp-json\/wp\/v2\/pages"}],"about":[{"href":"https:\/\/miastoinspiracji.lublin.eu\/en\/wp-json\/wp\/v2\/types\/page"}],"author":[{"embeddable":true,"href":"https:\/\/miastoinspiracji.lublin.eu\/en\/wp-json\/wp\/v2\/users\/1"}],"replies":[{"embeddable":true,"href":"https:\/\/miastoinspiracji.lublin.eu\/en\/wp-json\/wp\/v2\/comments?post=6904"}],"version-history":[{"count":3,"href":"https:\/\/miastoinspiracji.lublin.eu\/en\/wp-json\/wp\/v2\/pages\/6904\/revisions"}],"predecessor-version":[{"id":7415,"href":"https:\/\/miastoinspiracji.lublin.eu\/en\/wp-json\/wp\/v2\/pages\/6904\/revisions\/7415"}],"wp:featuredmedia":[{"embeddable":true,"href":"https:\/\/miastoinspiracji.lublin.eu\/en\/wp-json\/wp\/v2\/media\/6259"}],"wp:attachment":[{"href":"https:\/\/miastoinspiracji.lublin.eu\/en\/wp-json\/wp\/v2\/media?parent=6904"}],"wp:term":[{"taxonomy":"category","embeddable":true,"href":"https:\/\/miastoinspiracji.lublin.eu\/en\/wp-json\/wp\/v2\/categories?post=6904"}],"curies":[{"name":"wp","href":"https:\/\/api.w.org\/{rel}","templated":true}]}}